{"id":201,"date":"2022-04-22T08:09:13","date_gmt":"2022-04-22T08:09:13","guid":{"rendered":"http:\/\/mzik-charlottemorizot.com\/?page_id=201"},"modified":"2022-04-22T09:15:55","modified_gmt":"2022-04-22T09:15:55","slug":"201-2","status":"publish","type":"page","link":"https:\/\/mzik-charlottemorizot.com\/?page_id=201","title":{"rendered":"Cours de piano"},"content":{"rendered":"\t\t<div data-elementor-type=\"wp-page\" data-elementor-id=\"201\" class=\"elementor elementor-201\">\n\t\t\t\t\t\t<section class=\"elementor-section elementor-top-section elementor-element elementor-element-614fafce elementor-section-boxed elementor-section-height-default elementor-section-height-default\" data-id=\"614fafce\" data-element_type=\"section\" data-e-type=\"section\">\n\t\t\t\t\t\t<div class=\"elementor-container elementor-column-gap-default\">\n\t\t\t\t\t<div class=\"elementor-column elementor-col-100 elementor-top-column elementor-element elementor-element-2174e858\" data-id=\"2174e858\" data-element_type=\"column\" data-e-type=\"column\">\n\t\t\t<div class=\"elementor-widget-wrap elementor-element-populated\">\n\t\t\t\t\t\t<div class=\"elementor-element elementor-element-6c85563a elementor-widget elementor-widget-text-editor\" data-id=\"6c85563a\" data-element_type=\"widget\" data-e-type=\"widget\" data-widget_type=\"text-editor.default\">\n\t\t\t\t<div class=\"elementor-widget-container\">\n\t\t\t\t\t\t\t\t\t\n<h2 class=\"wp-block-heading\">Cours de piano<\/h2>\n\n\n\n<p>Depuis quelques ann\u00e9es d\u00e9j\u00e0 j\u2019enseigne le piano. J\u2019ai une formation classique mais je me suis form\u00e9e aux musiques actuelles en tant que pianiste. Je peux donc vous accompagner dans une m\u00e9thode plus classique et traditionnelle, et si vous le souhaitez, vous apprendre \u00e0 vous accompagner ou \u00e0 accompagner d\u2019autres artistes. Je peux \u00e9galement vous former aux accords, arp\u00e8ges et autres techniques d\u2019accompagnements.<\/p>\n\n\n\n<p>Pour les cursus plus classiques, la lecture de notes et l\u2019\u00e9tude de partitions sont int\u00e9gr\u00e9es aux cours pour \u00e9viter les longues heures de solf\u00e8ge.<\/p>\n\n\n\n<p>Si vous r\u00eavez de jouer du piano depuis toujours ou si vous souhaitez simplement d\u00e9couvrir ce bel instrument n\u2019h\u00e9sitez pas, contactez-moi&nbsp;!<\/p>\n\t\t\t\t\t\t\t\t<\/div>\n\t\t\t\t<\/div>\n\t\t\t\t\t<\/div>\n\t\t<\/div>\n\t\t\t\t\t<\/div>\n\t\t<\/section>\n\t\t\t\t<\/div>\n\t\t","protected":false},"excerpt":{"rendered":"<p>Cours de piano Depuis quelques ann\u00e9es d\u00e9j\u00e0 j\u2019enseigne le piano. J\u2019ai une formation classique mais je me suis form\u00e9e aux musiques actuelles en tant que pianiste. Je peux donc vous accompagner dans une m\u00e9thode plus classique et traditionnelle, et si vous le souhaitez, vous apprendre \u00e0 vous accompagner ou \u00e0 accompagner d\u2019autres artistes. Je peux [&hellip;]<\/p>\n","protected":false},"author":1,"featured_media":0,"parent":0,"menu_order":0,"comment_status":"closed","ping_status":"closed","template":"","meta":{"om_disable_all_campaigns":false,"_monsterinsights_skip_tracking":false,"_monsterinsights_sitenote_active":false,"_monsterinsights_sitenote_note":"","_monsterinsights_sitenote_category":0,"footnotes":""},"class_list":["post-201","page","type-page","status-publish","hentry","entry"],"aioseo_notices":[],"yoast_head":"<!-- This site is optimized with the Yoast SEO plugin v27.3 - https:\/\/yoast.com\/product\/yoast-seo-wordpress\/ -->\n<title>Cours de piano - M&#039;zik<\/title>\n<meta name=\"description\" content=\"Si vous r\u00eavez de jouer du piano depuis toujours ou si vous souhaitez simplement d\u00e9couvrir ce bel instrument n\u2019h\u00e9sitez pas, contactez-moi\u00a0!\" \/>\n<meta name=\"robots\" content=\"index, follow, max-snippet:-1, max-image-preview:large, max-video-preview:-1\" \/>\n<link rel=\"canonical\" href=\"https:\/\/mzik-charlottemorizot.com\/?page_id=201\" \/>\n<meta property=\"og:locale\" content=\"fr_FR\" \/>\n<meta property=\"og:type\" content=\"article\" \/>\n<meta property=\"og:title\" content=\"Cours de piano - M&#039;zik\" \/>\n<meta property=\"og:description\" content=\"Si vous r\u00eavez de jouer du piano depuis toujours ou si vous souhaitez simplement d\u00e9couvrir ce bel instrument n\u2019h\u00e9sitez pas, contactez-moi\u00a0!\" \/>\n<meta property=\"og:url\" content=\"https:\/\/mzik-charlottemorizot.com\/?page_id=201\" \/>\n<meta property=\"og:site_name\" content=\"M&#039;zik\" \/>\n<meta property=\"article:modified_time\" content=\"2022-04-22T09:15:55+00:00\" \/>\n<meta name=\"twitter:card\" content=\"summary_large_image\" \/>\n<meta name=\"twitter:label1\" content=\"Dur\u00e9e de lecture estim\u00e9e\" \/>\n\t<meta name=\"twitter:data1\" content=\"1 minute\" \/>\n<script type=\"application\/ld+json\" class=\"yoast-schema-graph\">{\"@context\":\"https:\\\/\\\/schema.org\",\"@graph\":[{\"@type\":\"WebPage\",\"@id\":\"https:\\\/\\\/mzik-charlottemorizot.com\\\/?page_id=201\",\"url\":\"https:\\\/\\\/mzik-charlottemorizot.com\\\/?page_id=201\",\"name\":\"Cours de piano - M&#039;zik\",\"isPartOf\":{\"@id\":\"https:\\\/\\\/mzik-charlottemorizot.com\\\/#website\"},\"datePublished\":\"2022-04-22T08:09:13+00:00\",\"dateModified\":\"2022-04-22T09:15:55+00:00\",\"description\":\"Si vous r\u00eavez de jouer du piano depuis toujours ou si vous souhaitez simplement d\u00e9couvrir ce bel instrument n\u2019h\u00e9sitez pas, contactez-moi\u00a0!\",\"breadcrumb\":{\"@id\":\"https:\\\/\\\/mzik-charlottemorizot.com\\\/?page_id=201#breadcrumb\"},\"inLanguage\":\"fr-FR\",\"potentialAction\":[{\"@type\":\"ReadAction\",\"target\":[\"https:\\\/\\\/mzik-charlottemorizot.com\\\/?page_id=201\"]}]},{\"@type\":\"BreadcrumbList\",\"@id\":\"https:\\\/\\\/mzik-charlottemorizot.com\\\/?page_id=201#breadcrumb\",\"itemListElement\":[{\"@type\":\"ListItem\",\"position\":1,\"name\":\"Accueil\",\"item\":\"https:\\\/\\\/mzik-charlottemorizot.com\\\/\"},{\"@type\":\"ListItem\",\"position\":2,\"name\":\"Cours de piano\"}]},{\"@type\":\"WebSite\",\"@id\":\"https:\\\/\\\/mzik-charlottemorizot.com\\\/#website\",\"url\":\"https:\\\/\\\/mzik-charlottemorizot.com\\\/\",\"name\":\"M&#039;zik\",\"description\":\"Professeure de chant &amp; piano, artiste\",\"publisher\":{\"@id\":\"https:\\\/\\\/mzik-charlottemorizot.com\\\/#organization\"},\"potentialAction\":[{\"@type\":\"SearchAction\",\"target\":{\"@type\":\"EntryPoint\",\"urlTemplate\":\"https:\\\/\\\/mzik-charlottemorizot.com\\\/?s={search_term_string}\"},\"query-input\":{\"@type\":\"PropertyValueSpecification\",\"valueRequired\":true,\"valueName\":\"search_term_string\"}}],\"inLanguage\":\"fr-FR\"},{\"@type\":\"Organization\",\"@id\":\"https:\\\/\\\/mzik-charlottemorizot.com\\\/#organization\",\"name\":\"M&#039;zik\",\"url\":\"https:\\\/\\\/mzik-charlottemorizot.com\\\/\",\"logo\":{\"@type\":\"ImageObject\",\"inLanguage\":\"fr-FR\",\"@id\":\"https:\\\/\\\/mzik-charlottemorizot.com\\\/#\\\/schema\\\/logo\\\/image\\\/\",\"url\":\"https:\\\/\\\/mzik-charlottemorizot.com\\\/wp-content\\\/uploads\\\/2022\\\/03\\\/cropped-Mzik-1-1.png\",\"contentUrl\":\"https:\\\/\\\/mzik-charlottemorizot.com\\\/wp-content\\\/uploads\\\/2022\\\/03\\\/cropped-Mzik-1-1.png\",\"width\":500,\"height\":250,\"caption\":\"M&#039;zik\"},\"image\":{\"@id\":\"https:\\\/\\\/mzik-charlottemorizot.com\\\/#\\\/schema\\\/logo\\\/image\\\/\"}}]}<\/script>\n<!-- \/ Yoast SEO plugin. -->","yoast_head_json":{"title":"Cours de piano - M&#039;zik","description":"Si vous r\u00eavez de jouer du piano depuis toujours ou si vous souhaitez simplement d\u00e9couvrir ce bel instrument n\u2019h\u00e9sitez pas, contactez-moi\u00a0!","robots":{"index":"index","follow":"follow","max-snippet":"max-snippet:-1","max-image-preview":"max-image-preview:large","max-video-preview":"max-video-preview:-1"},"canonical":"https:\/\/mzik-charlottemorizot.com\/?page_id=201","og_locale":"fr_FR","og_type":"article","og_title":"Cours de piano - M&#039;zik","og_description":"Si vous r\u00eavez de jouer du piano depuis toujours ou si vous souhaitez simplement d\u00e9couvrir ce bel instrument n\u2019h\u00e9sitez pas, contactez-moi\u00a0!","og_url":"https:\/\/mzik-charlottemorizot.com\/?page_id=201","og_site_name":"M&#039;zik","article_modified_time":"2022-04-22T09:15:55+00:00","twitter_card":"summary_large_image","twitter_misc":{"Dur\u00e9e de lecture estim\u00e9e":"1 minute"},"schema":{"@context":"https:\/\/schema.org","@graph":[{"@type":"WebPage","@id":"https:\/\/mzik-charlottemorizot.com\/?page_id=201","url":"https:\/\/mzik-charlottemorizot.com\/?page_id=201","name":"Cours de piano - M&#039;zik","isPartOf":{"@id":"https:\/\/mzik-charlottemorizot.com\/#website"},"datePublished":"2022-04-22T08:09:13+00:00","dateModified":"2022-04-22T09:15:55+00:00","description":"Si vous r\u00eavez de jouer du piano depuis toujours ou si vous souhaitez simplement d\u00e9couvrir ce bel instrument n\u2019h\u00e9sitez pas, contactez-moi\u00a0!","breadcrumb":{"@id":"https:\/\/mzik-charlottemorizot.com\/?page_id=201#breadcrumb"},"inLanguage":"fr-FR","potentialAction":[{"@type":"ReadAction","target":["https:\/\/mzik-charlottemorizot.com\/?page_id=201"]}]},{"@type":"BreadcrumbList","@id":"https:\/\/mzik-charlottemorizot.com\/?page_id=201#breadcrumb","itemListElement":[{"@type":"ListItem","position":1,"name":"Accueil","item":"https:\/\/mzik-charlottemorizot.com\/"},{"@type":"ListItem","position":2,"name":"Cours de piano"}]},{"@type":"WebSite","@id":"https:\/\/mzik-charlottemorizot.com\/#website","url":"https:\/\/mzik-charlottemorizot.com\/","name":"M&#039;zik","description":"Professeure de chant &amp; piano, artiste","publisher":{"@id":"https:\/\/mzik-charlottemorizot.com\/#organization"},"potentialAction":[{"@type":"SearchAction","target":{"@type":"EntryPoint","urlTemplate":"https:\/\/mzik-charlottemorizot.com\/?s={search_term_string}"},"query-input":{"@type":"PropertyValueSpecification","valueRequired":true,"valueName":"search_term_string"}}],"inLanguage":"fr-FR"},{"@type":"Organization","@id":"https:\/\/mzik-charlottemorizot.com\/#organization","name":"M&#039;zik","url":"https:\/\/mzik-charlottemorizot.com\/","logo":{"@type":"ImageObject","inLanguage":"fr-FR","@id":"https:\/\/mzik-charlottemorizot.com\/#\/schema\/logo\/image\/","url":"https:\/\/mzik-charlottemorizot.com\/wp-content\/uploads\/2022\/03\/cropped-Mzik-1-1.png","contentUrl":"https:\/\/mzik-charlottemorizot.com\/wp-content\/uploads\/2022\/03\/cropped-Mzik-1-1.png","width":500,"height":250,"caption":"M&#039;zik"},"image":{"@id":"https:\/\/mzik-charlottemorizot.com\/#\/schema\/logo\/image\/"}}]}},"_links":{"self":[{"href":"https:\/\/mzik-charlottemorizot.com\/index.php?rest_route=\/wp\/v2\/pages\/201","targetHints":{"allow":["GET"]}}],"collection":[{"href":"https:\/\/mzik-charlottemorizot.com\/index.php?rest_route=\/wp\/v2\/pages"}],"about":[{"href":"https:\/\/mzik-charlottemorizot.com\/index.php?rest_route=\/wp\/v2\/types\/page"}],"author":[{"embeddable":true,"href":"https:\/\/mzik-charlottemorizot.com\/index.php?rest_route=\/wp\/v2\/users\/1"}],"replies":[{"embeddable":true,"href":"https:\/\/mzik-charlottemorizot.com\/index.php?rest_route=%2Fwp%2Fv2%2Fcomments&post=201"}],"version-history":[{"count":8,"href":"https:\/\/mzik-charlottemorizot.com\/index.php?rest_route=\/wp\/v2\/pages\/201\/revisions"}],"predecessor-version":[{"id":281,"href":"https:\/\/mzik-charlottemorizot.com\/index.php?rest_route=\/wp\/v2\/pages\/201\/revisions\/281"}],"wp:attachment":[{"href":"https:\/\/mzik-charlottemorizot.com\/index.php?rest_route=%2Fwp%2Fv2%2Fmedia&parent=201"}],"curies":[{"name":"wp","href":"https:\/\/api.w.org\/{rel}","templated":true}]}}