{"id":203,"date":"2022-04-22T08:11:49","date_gmt":"2022-04-22T08:11:49","guid":{"rendered":"http:\/\/mzik-charlottemorizot.com\/?page_id=203"},"modified":"2022-04-25T14:14:50","modified_gmt":"2022-04-25T14:14:50","slug":"203-2","status":"publish","type":"page","link":"https:\/\/mzik-charlottemorizot.com\/?page_id=203","title":{"rendered":"Animation musicale"},"content":{"rendered":"\t\t<div data-elementor-type=\"wp-page\" data-elementor-id=\"203\" class=\"elementor elementor-203\">\n\t\t\t\t\t\t<section class=\"elementor-section elementor-top-section elementor-element elementor-element-6e4e8df5 elementor-section-boxed elementor-section-height-default elementor-section-height-default\" data-id=\"6e4e8df5\" data-element_type=\"section\" data-e-type=\"section\">\n\t\t\t\t\t\t<div class=\"elementor-container elementor-column-gap-default\">\n\t\t\t\t\t<div class=\"elementor-column elementor-col-100 elementor-top-column elementor-element elementor-element-54ca0a91\" data-id=\"54ca0a91\" data-element_type=\"column\" data-e-type=\"column\">\n\t\t\t<div class=\"elementor-widget-wrap elementor-element-populated\">\n\t\t\t\t\t\t<div class=\"elementor-element elementor-element-54457887 elementor-widget elementor-widget-text-editor\" data-id=\"54457887\" data-element_type=\"widget\" data-e-type=\"widget\" data-widget_type=\"text-editor.default\">\n\t\t\t\t<div class=\"elementor-widget-container\">\n\t\t\t\t\t\t\t\t\t<p><\/p>\n<h2 class=\"wp-block-heading\">Animation musicale<\/h2>\n<p><\/p>\n<p><\/p>\n<p>Cheap thrills, une petite formation guitare(s) voix, en duo ou en trio,&nbsp;une formation efficace et d\u00e9licate pour mettre l\u2019ambiance dans vos \u00e9v\u00e8nements sans prendre trop de place.<\/p>\n<p><\/p>\n<p><\/p>\n<p>Chanteuse passionn\u00e9e, habitu\u00e9e des bars et restaurants, j\u2019anime vos soir\u00e9es dans une ambiance douce et festive,&nbsp; dans un style pop\/rock acoustique.<\/p>\n<p><\/p>\n<p><\/p>\n<p>J\u2019anime \u00e9galement vos \u00e9v\u00e8nements priv\u00e9s, anniversaire, mariage, soir\u00e9e, soir\u00e9e d\u2019entreprise\u2026 Pour un ap\u00e9ro ou un repas en musique n\u2019h\u00e9sitez pas&nbsp;!<\/p>\n<p><\/p>\n<p><\/p>\n<p>Un large r\u00e9pertoire qui s\u2019adapte \u00e0 vos envies ( d\u2019Ad\u00e8le \u00e0 Slipknot en passant par Bob Marley, Jean Jacques Goldman ou encore Queen, Imagine dragons ..) Si vous avez une liste d\u00e9finie, faites moi en part&nbsp;!<\/p>\n<p><\/p>\n<p><\/p>\n<p>Contactez-moi si vous \u00eates int\u00e9ress\u00e9s je me d\u00e9place pour vous jouer quelques morceaux et d\u00e9finir ensemble vos d\u00e9sirs.<\/p>\n<p><\/p>\t\t\t\t\t\t\t\t<\/div>\n\t\t\t\t<\/div>\n\t\t\t\t\t<\/div>\n\t\t<\/div>\n\t\t\t\t\t<\/div>\n\t\t<\/section>\n\t\t\t\t<section class=\"elementor-section elementor-top-section elementor-element elementor-element-1e1c6d5 elementor-section-boxed elementor-section-height-default elementor-section-height-default\" data-id=\"1e1c6d5\" data-element_type=\"section\" data-e-type=\"section\">\n\t\t\t\t\t\t<div class=\"elementor-container elementor-column-gap-default\">\n\t\t\t\t\t<div class=\"elementor-column elementor-col-100 elementor-top-column elementor-element elementor-element-faf48f0\" data-id=\"faf48f0\" data-element_type=\"column\" data-e-type=\"column\">\n\t\t\t<div class=\"elementor-widget-wrap elementor-element-populated\">\n\t\t\t\t\t\t<div class=\"elementor-element elementor-element-ffa8163 elementor-widget elementor-widget-image\" data-id=\"ffa8163\" data-element_type=\"widget\" data-e-type=\"widget\" data-widget_type=\"image.default\">\n\t\t\t\t<div class=\"elementor-widget-container\">\n\t\t\t\t\t\t\t\t\t\t\t\t\t\t\t<img fetchpriority=\"high\" decoding=\"async\" width=\"1024\" height=\"684\" src=\"https:\/\/mzik-charlottemorizot.com\/wp-content\/uploads\/2022\/04\/63-_DSC3629-1024x684.jpg\" class=\"attachment-large size-large wp-image-249\" alt=\"\" srcset=\"https:\/\/mzik-charlottemorizot.com\/wp-content\/uploads\/2022\/04\/63-_DSC3629-1024x684.jpg 1024w, https:\/\/mzik-charlottemorizot.com\/wp-content\/uploads\/2022\/04\/63-_DSC3629-300x200.jpg 300w, https:\/\/mzik-charlottemorizot.com\/wp-content\/uploads\/2022\/04\/63-_DSC3629-768x513.jpg 768w, https:\/\/mzik-charlottemorizot.com\/wp-content\/uploads\/2022\/04\/63-_DSC3629-1536x1025.jpg 1536w, https:\/\/mzik-charlottemorizot.com\/wp-content\/uploads\/2022\/04\/63-_DSC3629-2048x1367.jpg 2048w\" sizes=\"(max-width: 1024px) 100vw, 1024px\" \/>\t\t\t\t\t\t\t\t\t\t\t\t\t\t\t<\/div>\n\t\t\t\t<\/div>\n\t\t\t\t\t<\/div>\n\t\t<\/div>\n\t\t\t\t\t<\/div>\n\t\t<\/section>\n\t\t\t\t<\/div>\n\t\t","protected":false},"excerpt":{"rendered":"<p>Animation musicale Cheap thrills, une petite formation guitare(s) voix, en duo ou en trio,&nbsp;une formation efficace et d\u00e9licate pour mettre l\u2019ambiance dans vos \u00e9v\u00e8nements sans prendre trop de place. Chanteuse passionn\u00e9e, habitu\u00e9e des bars et restaurants, j\u2019anime vos soir\u00e9es dans une ambiance douce et festive,&nbsp; dans un style pop\/rock acoustique. J\u2019anime \u00e9galement vos \u00e9v\u00e8nements priv\u00e9s, [&hellip;]<\/p>\n","protected":false},"author":1,"featured_media":0,"parent":0,"menu_order":0,"comment_status":"closed","ping_status":"closed","template":"","meta":{"om_disable_all_campaigns":false,"_monsterinsights_skip_tracking":false,"_monsterinsights_sitenote_active":false,"_monsterinsights_sitenote_note":"","_monsterinsights_sitenote_category":0,"footnotes":""},"class_list":["post-203","page","type-page","status-publish","hentry","entry"],"aioseo_notices":[],"yoast_head":"<!-- This site is optimized with the Yoast SEO plugin v27.3 - https:\/\/yoast.com\/product\/yoast-seo-wordpress\/ -->\n<title>Animation musicale - M&#039;zik<\/title>\n<meta name=\"description\" content=\"Summertime, une petite formation guitare(s) voix, en duo ou en trio,\u00a0une formation d\u00e9licate pour mettre l\u2019ambiance dans vos \u00e9v\u00e8nements.\" \/>\n<meta name=\"robots\" content=\"index, follow, max-snippet:-1, max-image-preview:large, max-video-preview:-1\" \/>\n<link rel=\"canonical\" href=\"https:\/\/mzik-charlottemorizot.com\/?page_id=203\" \/>\n<meta property=\"og:locale\" content=\"fr_FR\" \/>\n<meta property=\"og:type\" content=\"article\" \/>\n<meta property=\"og:title\" content=\"Animation musicale - M&#039;zik\" \/>\n<meta property=\"og:description\" content=\"Summertime, une petite formation guitare(s) voix, en duo ou en trio,\u00a0une formation d\u00e9licate pour mettre l\u2019ambiance dans vos \u00e9v\u00e8nements.\" \/>\n<meta property=\"og:url\" content=\"https:\/\/mzik-charlottemorizot.com\/?page_id=203\" \/>\n<meta property=\"og:site_name\" content=\"M&#039;zik\" \/>\n<meta property=\"article:modified_time\" content=\"2022-04-25T14:14:50+00:00\" \/>\n<meta property=\"og:image\" content=\"http:\/\/mzik-charlottemorizot.com\/wp-content\/uploads\/2022\/04\/63-_DSC3629-1024x684.jpg\" \/>\n<meta name=\"twitter:card\" content=\"summary_large_image\" \/>\n<meta name=\"twitter:label1\" content=\"Dur\u00e9e de lecture estim\u00e9e\" \/>\n\t<meta name=\"twitter:data1\" content=\"1 minute\" \/>\n<script type=\"application\/ld+json\" class=\"yoast-schema-graph\">{\"@context\":\"https:\\\/\\\/schema.org\",\"@graph\":[{\"@type\":\"WebPage\",\"@id\":\"https:\\\/\\\/mzik-charlottemorizot.com\\\/?page_id=203\",\"url\":\"https:\\\/\\\/mzik-charlottemorizot.com\\\/?page_id=203\",\"name\":\"Animation musicale - M&#039;zik\",\"isPartOf\":{\"@id\":\"https:\\\/\\\/mzik-charlottemorizot.com\\\/#website\"},\"primaryImageOfPage\":{\"@id\":\"https:\\\/\\\/mzik-charlottemorizot.com\\\/?page_id=203#primaryimage\"},\"image\":{\"@id\":\"https:\\\/\\\/mzik-charlottemorizot.com\\\/?page_id=203#primaryimage\"},\"thumbnailUrl\":\"http:\\\/\\\/mzik-charlottemorizot.com\\\/wp-content\\\/uploads\\\/2022\\\/04\\\/63-_DSC3629-1024x684.jpg\",\"datePublished\":\"2022-04-22T08:11:49+00:00\",\"dateModified\":\"2022-04-25T14:14:50+00:00\",\"description\":\"Summertime, une petite formation guitare(s) voix, en duo ou en trio,\u00a0une formation d\u00e9licate pour mettre l\u2019ambiance dans vos \u00e9v\u00e8nements.\",\"breadcrumb\":{\"@id\":\"https:\\\/\\\/mzik-charlottemorizot.com\\\/?page_id=203#breadcrumb\"},\"inLanguage\":\"fr-FR\",\"potentialAction\":[{\"@type\":\"ReadAction\",\"target\":[\"https:\\\/\\\/mzik-charlottemorizot.com\\\/?page_id=203\"]}]},{\"@type\":\"ImageObject\",\"inLanguage\":\"fr-FR\",\"@id\":\"https:\\\/\\\/mzik-charlottemorizot.com\\\/?page_id=203#primaryimage\",\"url\":\"https:\\\/\\\/mzik-charlottemorizot.com\\\/wp-content\\\/uploads\\\/2022\\\/04\\\/63-_DSC3629-scaled.jpg\",\"contentUrl\":\"https:\\\/\\\/mzik-charlottemorizot.com\\\/wp-content\\\/uploads\\\/2022\\\/04\\\/63-_DSC3629-scaled.jpg\",\"width\":2560,\"height\":1709},{\"@type\":\"BreadcrumbList\",\"@id\":\"https:\\\/\\\/mzik-charlottemorizot.com\\\/?page_id=203#breadcrumb\",\"itemListElement\":[{\"@type\":\"ListItem\",\"position\":1,\"name\":\"Accueil\",\"item\":\"https:\\\/\\\/mzik-charlottemorizot.com\\\/\"},{\"@type\":\"ListItem\",\"position\":2,\"name\":\"Animation musicale\"}]},{\"@type\":\"WebSite\",\"@id\":\"https:\\\/\\\/mzik-charlottemorizot.com\\\/#website\",\"url\":\"https:\\\/\\\/mzik-charlottemorizot.com\\\/\",\"name\":\"M&#039;zik\",\"description\":\"Professeure de chant &amp; piano, artiste\",\"publisher\":{\"@id\":\"https:\\\/\\\/mzik-charlottemorizot.com\\\/#organization\"},\"potentialAction\":[{\"@type\":\"SearchAction\",\"target\":{\"@type\":\"EntryPoint\",\"urlTemplate\":\"https:\\\/\\\/mzik-charlottemorizot.com\\\/?s={search_term_string}\"},\"query-input\":{\"@type\":\"PropertyValueSpecification\",\"valueRequired\":true,\"valueName\":\"search_term_string\"}}],\"inLanguage\":\"fr-FR\"},{\"@type\":\"Organization\",\"@id\":\"https:\\\/\\\/mzik-charlottemorizot.com\\\/#organization\",\"name\":\"M&#039;zik\",\"url\":\"https:\\\/\\\/mzik-charlottemorizot.com\\\/\",\"logo\":{\"@type\":\"ImageObject\",\"inLanguage\":\"fr-FR\",\"@id\":\"https:\\\/\\\/mzik-charlottemorizot.com\\\/#\\\/schema\\\/logo\\\/image\\\/\",\"url\":\"https:\\\/\\\/mzik-charlottemorizot.com\\\/wp-content\\\/uploads\\\/2022\\\/03\\\/cropped-Mzik-1-1.png\",\"contentUrl\":\"https:\\\/\\\/mzik-charlottemorizot.com\\\/wp-content\\\/uploads\\\/2022\\\/03\\\/cropped-Mzik-1-1.png\",\"width\":500,\"height\":250,\"caption\":\"M&#039;zik\"},\"image\":{\"@id\":\"https:\\\/\\\/mzik-charlottemorizot.com\\\/#\\\/schema\\\/logo\\\/image\\\/\"}}]}<\/script>\n<!-- \/ Yoast SEO plugin. -->","yoast_head_json":{"title":"Animation musicale - M&#039;zik","description":"Summertime, une petite formation guitare(s) voix, en duo ou en trio,\u00a0une formation d\u00e9licate pour mettre l\u2019ambiance dans vos \u00e9v\u00e8nements.","robots":{"index":"index","follow":"follow","max-snippet":"max-snippet:-1","max-image-preview":"max-image-preview:large","max-video-preview":"max-video-preview:-1"},"canonical":"https:\/\/mzik-charlottemorizot.com\/?page_id=203","og_locale":"fr_FR","og_type":"article","og_title":"Animation musicale - M&#039;zik","og_description":"Summertime, une petite formation guitare(s) voix, en duo ou en trio,\u00a0une formation d\u00e9licate pour mettre l\u2019ambiance dans vos \u00e9v\u00e8nements.","og_url":"https:\/\/mzik-charlottemorizot.com\/?page_id=203","og_site_name":"M&#039;zik","article_modified_time":"2022-04-25T14:14:50+00:00","og_image":[{"url":"http:\/\/mzik-charlottemorizot.com\/wp-content\/uploads\/2022\/04\/63-_DSC3629-1024x684.jpg","type":"","width":"","height":""}],"twitter_card":"summary_large_image","twitter_misc":{"Dur\u00e9e de lecture estim\u00e9e":"1 minute"},"schema":{"@context":"https:\/\/schema.org","@graph":[{"@type":"WebPage","@id":"https:\/\/mzik-charlottemorizot.com\/?page_id=203","url":"https:\/\/mzik-charlottemorizot.com\/?page_id=203","name":"Animation musicale - M&#039;zik","isPartOf":{"@id":"https:\/\/mzik-charlottemorizot.com\/#website"},"primaryImageOfPage":{"@id":"https:\/\/mzik-charlottemorizot.com\/?page_id=203#primaryimage"},"image":{"@id":"https:\/\/mzik-charlottemorizot.com\/?page_id=203#primaryimage"},"thumbnailUrl":"http:\/\/mzik-charlottemorizot.com\/wp-content\/uploads\/2022\/04\/63-_DSC3629-1024x684.jpg","datePublished":"2022-04-22T08:11:49+00:00","dateModified":"2022-04-25T14:14:50+00:00","description":"Summertime, une petite formation guitare(s) voix, en duo ou en trio,\u00a0une formation d\u00e9licate pour mettre l\u2019ambiance dans vos \u00e9v\u00e8nements.","breadcrumb":{"@id":"https:\/\/mzik-charlottemorizot.com\/?page_id=203#breadcrumb"},"inLanguage":"fr-FR","potentialAction":[{"@type":"ReadAction","target":["https:\/\/mzik-charlottemorizot.com\/?page_id=203"]}]},{"@type":"ImageObject","inLanguage":"fr-FR","@id":"https:\/\/mzik-charlottemorizot.com\/?page_id=203#primaryimage","url":"https:\/\/mzik-charlottemorizot.com\/wp-content\/uploads\/2022\/04\/63-_DSC3629-scaled.jpg","contentUrl":"https:\/\/mzik-charlottemorizot.com\/wp-content\/uploads\/2022\/04\/63-_DSC3629-scaled.jpg","width":2560,"height":1709},{"@type":"BreadcrumbList","@id":"https:\/\/mzik-charlottemorizot.com\/?page_id=203#breadcrumb","itemListElement":[{"@type":"ListItem","position":1,"name":"Accueil","item":"https:\/\/mzik-charlottemorizot.com\/"},{"@type":"ListItem","position":2,"name":"Animation musicale"}]},{"@type":"WebSite","@id":"https:\/\/mzik-charlottemorizot.com\/#website","url":"https:\/\/mzik-charlottemorizot.com\/","name":"M&#039;zik","description":"Professeure de chant &amp; piano, artiste","publisher":{"@id":"https:\/\/mzik-charlottemorizot.com\/#organization"},"potentialAction":[{"@type":"SearchAction","target":{"@type":"EntryPoint","urlTemplate":"https:\/\/mzik-charlottemorizot.com\/?s={search_term_string}"},"query-input":{"@type":"PropertyValueSpecification","valueRequired":true,"valueName":"search_term_string"}}],"inLanguage":"fr-FR"},{"@type":"Organization","@id":"https:\/\/mzik-charlottemorizot.com\/#organization","name":"M&#039;zik","url":"https:\/\/mzik-charlottemorizot.com\/","logo":{"@type":"ImageObject","inLanguage":"fr-FR","@id":"https:\/\/mzik-charlottemorizot.com\/#\/schema\/logo\/image\/","url":"https:\/\/mzik-charlottemorizot.com\/wp-content\/uploads\/2022\/03\/cropped-Mzik-1-1.png","contentUrl":"https:\/\/mzik-charlottemorizot.com\/wp-content\/uploads\/2022\/03\/cropped-Mzik-1-1.png","width":500,"height":250,"caption":"M&#039;zik"},"image":{"@id":"https:\/\/mzik-charlottemorizot.com\/#\/schema\/logo\/image\/"}}]}},"_links":{"self":[{"href":"https:\/\/mzik-charlottemorizot.com\/index.php?rest_route=\/wp\/v2\/pages\/203","targetHints":{"allow":["GET"]}}],"collection":[{"href":"https:\/\/mzik-charlottemorizot.com\/index.php?rest_route=\/wp\/v2\/pages"}],"about":[{"href":"https:\/\/mzik-charlottemorizot.com\/index.php?rest_route=\/wp\/v2\/types\/page"}],"author":[{"embeddable":true,"href":"https:\/\/mzik-charlottemorizot.com\/index.php?rest_route=\/wp\/v2\/users\/1"}],"replies":[{"embeddable":true,"href":"https:\/\/mzik-charlottemorizot.com\/index.php?rest_route=%2Fwp%2Fv2%2Fcomments&post=203"}],"version-history":[{"count":17,"href":"https:\/\/mzik-charlottemorizot.com\/index.php?rest_route=\/wp\/v2\/pages\/203\/revisions"}],"predecessor-version":[{"id":326,"href":"https:\/\/mzik-charlottemorizot.com\/index.php?rest_route=\/wp\/v2\/pages\/203\/revisions\/326"}],"wp:attachment":[{"href":"https:\/\/mzik-charlottemorizot.com\/index.php?rest_route=%2Fwp%2Fv2%2Fmedia&parent=203"}],"curies":[{"name":"wp","href":"https:\/\/api.w.org\/{rel}","templated":true}]}}