{"id":205,"date":"2022-04-22T08:19:48","date_gmt":"2022-04-22T08:19:48","guid":{"rendered":"http:\/\/mzik-charlottemorizot.com\/?page_id=205"},"modified":"2022-04-22T09:16:53","modified_gmt":"2022-04-22T09:16:53","slug":"205-2","status":"publish","type":"page","link":"https:\/\/mzik-charlottemorizot.com\/?page_id=205","title":{"rendered":"Coaching de groupe"},"content":{"rendered":"\t\t<div data-elementor-type=\"wp-page\" data-elementor-id=\"205\" class=\"elementor elementor-205\">\n\t\t\t\t\t\t<section class=\"elementor-section elementor-top-section elementor-element elementor-element-550d9c06 elementor-section-boxed elementor-section-height-default elementor-section-height-default\" data-id=\"550d9c06\" data-element_type=\"section\" data-e-type=\"section\">\n\t\t\t\t\t\t<div class=\"elementor-container elementor-column-gap-default\">\n\t\t\t\t\t<div class=\"elementor-column elementor-col-100 elementor-top-column elementor-element elementor-element-5eea2b18\" data-id=\"5eea2b18\" data-element_type=\"column\" data-e-type=\"column\">\n\t\t\t<div class=\"elementor-widget-wrap elementor-element-populated\">\n\t\t\t\t\t\t<div class=\"elementor-element elementor-element-66d8aaf6 elementor-widget elementor-widget-text-editor\" data-id=\"66d8aaf6\" data-element_type=\"widget\" data-e-type=\"widget\" data-widget_type=\"text-editor.default\">\n\t\t\t\t<div class=\"elementor-widget-container\">\n\t\t\t\t\t\t\t\t\t\n<h2 class=\"wp-block-heading\">Coaching de groupe<\/h2>\n\n\n\n<p>Ayant une formation globale de la musique je peux \u00e9galement suivre des groupes qui cherchent \u00e0 d\u00e9velopper leur dynamique, le chant en situation, leur prestation sc\u00e9nique. Il n\u2019est pas toujours facile de faire avancer son groupe en jouant en m\u00eame temps, un regard ext\u00e9rieur peut parfois tout changer.<\/p>\n\n\n\n<p>N\u2019h\u00e9sitez pas \u00e0 me faire d\u00e9couvrir vos talents et vos envies&nbsp;!<\/p>\n\t\t\t\t\t\t\t\t<\/div>\n\t\t\t\t<\/div>\n\t\t\t\t\t<\/div>\n\t\t<\/div>\n\t\t\t\t\t<\/div>\n\t\t<\/section>\n\t\t\t\t<\/div>\n\t\t","protected":false},"excerpt":{"rendered":"<p>Coaching de groupe Ayant une formation globale de la musique je peux \u00e9galement suivre des groupes qui cherchent \u00e0 d\u00e9velopper leur dynamique, le chant en situation, leur prestation sc\u00e9nique. Il n\u2019est pas toujours facile de faire avancer son groupe en jouant en m\u00eame temps, un regard ext\u00e9rieur peut parfois tout changer. N\u2019h\u00e9sitez pas \u00e0 me [&hellip;]<\/p>\n","protected":false},"author":1,"featured_media":0,"parent":0,"menu_order":0,"comment_status":"closed","ping_status":"closed","template":"","meta":{"om_disable_all_campaigns":false,"_monsterinsights_skip_tracking":false,"_monsterinsights_sitenote_active":false,"_monsterinsights_sitenote_note":"","_monsterinsights_sitenote_category":0,"footnotes":""},"class_list":["post-205","page","type-page","status-publish","hentry","entry"],"aioseo_notices":[],"yoast_head":"<!-- This site is optimized with the Yoast SEO plugin v27.3 - https:\/\/yoast.com\/product\/yoast-seo-wordpress\/ -->\n<title>Coaching de groupe - M&#039;zik<\/title>\n<meta name=\"description\" content=\"Pour am\u00e9liorer sa coh\u00e9sion de groupe, sa pr\u00e9sence et son image sur sc\u00e8ne. N&#039;h\u00e9sitez pas contacter moi !\" \/>\n<meta name=\"robots\" content=\"index, follow, max-snippet:-1, max-image-preview:large, max-video-preview:-1\" \/>\n<link rel=\"canonical\" href=\"https:\/\/mzik-charlottemorizot.com\/?page_id=205\" \/>\n<meta property=\"og:locale\" content=\"fr_FR\" \/>\n<meta property=\"og:type\" content=\"article\" \/>\n<meta property=\"og:title\" content=\"Coaching de groupe - M&#039;zik\" \/>\n<meta property=\"og:description\" content=\"Pour am\u00e9liorer sa coh\u00e9sion de groupe, sa pr\u00e9sence et son image sur sc\u00e8ne. N&#039;h\u00e9sitez pas contacter moi !\" \/>\n<meta property=\"og:url\" content=\"https:\/\/mzik-charlottemorizot.com\/?page_id=205\" \/>\n<meta property=\"og:site_name\" content=\"M&#039;zik\" \/>\n<meta property=\"article:modified_time\" content=\"2022-04-22T09:16:53+00:00\" \/>\n<meta name=\"twitter:card\" content=\"summary_large_image\" \/>\n<meta name=\"twitter:label1\" content=\"Dur\u00e9e de lecture estim\u00e9e\" \/>\n\t<meta name=\"twitter:data1\" content=\"1 minute\" \/>\n<script type=\"application\/ld+json\" class=\"yoast-schema-graph\">{\"@context\":\"https:\\\/\\\/schema.org\",\"@graph\":[{\"@type\":\"WebPage\",\"@id\":\"https:\\\/\\\/mzik-charlottemorizot.com\\\/?page_id=205\",\"url\":\"https:\\\/\\\/mzik-charlottemorizot.com\\\/?page_id=205\",\"name\":\"Coaching de groupe - M&#039;zik\",\"isPartOf\":{\"@id\":\"https:\\\/\\\/mzik-charlottemorizot.com\\\/#website\"},\"datePublished\":\"2022-04-22T08:19:48+00:00\",\"dateModified\":\"2022-04-22T09:16:53+00:00\",\"description\":\"Pour am\u00e9liorer sa coh\u00e9sion de groupe, sa pr\u00e9sence et son image sur sc\u00e8ne. N'h\u00e9sitez pas contacter moi !\",\"breadcrumb\":{\"@id\":\"https:\\\/\\\/mzik-charlottemorizot.com\\\/?page_id=205#breadcrumb\"},\"inLanguage\":\"fr-FR\",\"potentialAction\":[{\"@type\":\"ReadAction\",\"target\":[\"https:\\\/\\\/mzik-charlottemorizot.com\\\/?page_id=205\"]}]},{\"@type\":\"BreadcrumbList\",\"@id\":\"https:\\\/\\\/mzik-charlottemorizot.com\\\/?page_id=205#breadcrumb\",\"itemListElement\":[{\"@type\":\"ListItem\",\"position\":1,\"name\":\"Accueil\",\"item\":\"https:\\\/\\\/mzik-charlottemorizot.com\\\/\"},{\"@type\":\"ListItem\",\"position\":2,\"name\":\"Coaching de groupe\"}]},{\"@type\":\"WebSite\",\"@id\":\"https:\\\/\\\/mzik-charlottemorizot.com\\\/#website\",\"url\":\"https:\\\/\\\/mzik-charlottemorizot.com\\\/\",\"name\":\"M&#039;zik\",\"description\":\"Professeure de chant &amp; piano, artiste\",\"publisher\":{\"@id\":\"https:\\\/\\\/mzik-charlottemorizot.com\\\/#organization\"},\"potentialAction\":[{\"@type\":\"SearchAction\",\"target\":{\"@type\":\"EntryPoint\",\"urlTemplate\":\"https:\\\/\\\/mzik-charlottemorizot.com\\\/?s={search_term_string}\"},\"query-input\":{\"@type\":\"PropertyValueSpecification\",\"valueRequired\":true,\"valueName\":\"search_term_string\"}}],\"inLanguage\":\"fr-FR\"},{\"@type\":\"Organization\",\"@id\":\"https:\\\/\\\/mzik-charlottemorizot.com\\\/#organization\",\"name\":\"M&#039;zik\",\"url\":\"https:\\\/\\\/mzik-charlottemorizot.com\\\/\",\"logo\":{\"@type\":\"ImageObject\",\"inLanguage\":\"fr-FR\",\"@id\":\"https:\\\/\\\/mzik-charlottemorizot.com\\\/#\\\/schema\\\/logo\\\/image\\\/\",\"url\":\"https:\\\/\\\/mzik-charlottemorizot.com\\\/wp-content\\\/uploads\\\/2022\\\/03\\\/cropped-Mzik-1-1.png\",\"contentUrl\":\"https:\\\/\\\/mzik-charlottemorizot.com\\\/wp-content\\\/uploads\\\/2022\\\/03\\\/cropped-Mzik-1-1.png\",\"width\":500,\"height\":250,\"caption\":\"M&#039;zik\"},\"image\":{\"@id\":\"https:\\\/\\\/mzik-charlottemorizot.com\\\/#\\\/schema\\\/logo\\\/image\\\/\"}}]}<\/script>\n<!-- \/ Yoast SEO plugin. -->","yoast_head_json":{"title":"Coaching de groupe - M&#039;zik","description":"Pour am\u00e9liorer sa coh\u00e9sion de groupe, sa pr\u00e9sence et son image sur sc\u00e8ne. N'h\u00e9sitez pas contacter moi !","robots":{"index":"index","follow":"follow","max-snippet":"max-snippet:-1","max-image-preview":"max-image-preview:large","max-video-preview":"max-video-preview:-1"},"canonical":"https:\/\/mzik-charlottemorizot.com\/?page_id=205","og_locale":"fr_FR","og_type":"article","og_title":"Coaching de groupe - M&#039;zik","og_description":"Pour am\u00e9liorer sa coh\u00e9sion de groupe, sa pr\u00e9sence et son image sur sc\u00e8ne. N'h\u00e9sitez pas contacter moi !","og_url":"https:\/\/mzik-charlottemorizot.com\/?page_id=205","og_site_name":"M&#039;zik","article_modified_time":"2022-04-22T09:16:53+00:00","twitter_card":"summary_large_image","twitter_misc":{"Dur\u00e9e de lecture estim\u00e9e":"1 minute"},"schema":{"@context":"https:\/\/schema.org","@graph":[{"@type":"WebPage","@id":"https:\/\/mzik-charlottemorizot.com\/?page_id=205","url":"https:\/\/mzik-charlottemorizot.com\/?page_id=205","name":"Coaching de groupe - M&#039;zik","isPartOf":{"@id":"https:\/\/mzik-charlottemorizot.com\/#website"},"datePublished":"2022-04-22T08:19:48+00:00","dateModified":"2022-04-22T09:16:53+00:00","description":"Pour am\u00e9liorer sa coh\u00e9sion de groupe, sa pr\u00e9sence et son image sur sc\u00e8ne. N'h\u00e9sitez pas contacter moi !","breadcrumb":{"@id":"https:\/\/mzik-charlottemorizot.com\/?page_id=205#breadcrumb"},"inLanguage":"fr-FR","potentialAction":[{"@type":"ReadAction","target":["https:\/\/mzik-charlottemorizot.com\/?page_id=205"]}]},{"@type":"BreadcrumbList","@id":"https:\/\/mzik-charlottemorizot.com\/?page_id=205#breadcrumb","itemListElement":[{"@type":"ListItem","position":1,"name":"Accueil","item":"https:\/\/mzik-charlottemorizot.com\/"},{"@type":"ListItem","position":2,"name":"Coaching de groupe"}]},{"@type":"WebSite","@id":"https:\/\/mzik-charlottemorizot.com\/#website","url":"https:\/\/mzik-charlottemorizot.com\/","name":"M&#039;zik","description":"Professeure de chant &amp; piano, artiste","publisher":{"@id":"https:\/\/mzik-charlottemorizot.com\/#organization"},"potentialAction":[{"@type":"SearchAction","target":{"@type":"EntryPoint","urlTemplate":"https:\/\/mzik-charlottemorizot.com\/?s={search_term_string}"},"query-input":{"@type":"PropertyValueSpecification","valueRequired":true,"valueName":"search_term_string"}}],"inLanguage":"fr-FR"},{"@type":"Organization","@id":"https:\/\/mzik-charlottemorizot.com\/#organization","name":"M&#039;zik","url":"https:\/\/mzik-charlottemorizot.com\/","logo":{"@type":"ImageObject","inLanguage":"fr-FR","@id":"https:\/\/mzik-charlottemorizot.com\/#\/schema\/logo\/image\/","url":"https:\/\/mzik-charlottemorizot.com\/wp-content\/uploads\/2022\/03\/cropped-Mzik-1-1.png","contentUrl":"https:\/\/mzik-charlottemorizot.com\/wp-content\/uploads\/2022\/03\/cropped-Mzik-1-1.png","width":500,"height":250,"caption":"M&#039;zik"},"image":{"@id":"https:\/\/mzik-charlottemorizot.com\/#\/schema\/logo\/image\/"}}]}},"_links":{"self":[{"href":"https:\/\/mzik-charlottemorizot.com\/index.php?rest_route=\/wp\/v2\/pages\/205","targetHints":{"allow":["GET"]}}],"collection":[{"href":"https:\/\/mzik-charlottemorizot.com\/index.php?rest_route=\/wp\/v2\/pages"}],"about":[{"href":"https:\/\/mzik-charlottemorizot.com\/index.php?rest_route=\/wp\/v2\/types\/page"}],"author":[{"embeddable":true,"href":"https:\/\/mzik-charlottemorizot.com\/index.php?rest_route=\/wp\/v2\/users\/1"}],"replies":[{"embeddable":true,"href":"https:\/\/mzik-charlottemorizot.com\/index.php?rest_route=%2Fwp%2Fv2%2Fcomments&post=205"}],"version-history":[{"count":8,"href":"https:\/\/mzik-charlottemorizot.com\/index.php?rest_route=\/wp\/v2\/pages\/205\/revisions"}],"predecessor-version":[{"id":287,"href":"https:\/\/mzik-charlottemorizot.com\/index.php?rest_route=\/wp\/v2\/pages\/205\/revisions\/287"}],"wp:attachment":[{"href":"https:\/\/mzik-charlottemorizot.com\/index.php?rest_route=%2Fwp%2Fv2%2Fmedia&parent=205"}],"curies":[{"name":"wp","href":"https:\/\/api.w.org\/{rel}","templated":true}]}}