{"id":21,"date":"2022-03-27T11:05:19","date_gmt":"2022-03-27T11:05:19","guid":{"rendered":"http:\/\/mzik-charlottemorizot.com\/?page_id=21"},"modified":"2022-04-22T08:33:59","modified_gmt":"2022-04-22T08:33:59","slug":"qui-suis-je","status":"publish","type":"page","link":"https:\/\/mzik-charlottemorizot.com\/?page_id=21","title":{"rendered":"Qui suis-je ?"},"content":{"rendered":"\t\t<div data-elementor-type=\"wp-page\" data-elementor-id=\"21\" class=\"elementor elementor-21\">\n\t\t\t\t\t\t<section class=\"elementor-section elementor-top-section elementor-element elementor-element-bee9793 elementor-section-boxed elementor-section-height-default elementor-section-height-default\" data-id=\"bee9793\" data-element_type=\"section\" data-e-type=\"section\">\n\t\t\t\t\t\t<div class=\"elementor-container elementor-column-gap-default\">\n\t\t\t\t\t<div class=\"elementor-column elementor-col-100 elementor-top-column elementor-element elementor-element-ac7683c\" data-id=\"ac7683c\" data-element_type=\"column\" data-e-type=\"column\">\n\t\t\t<div class=\"elementor-widget-wrap elementor-element-populated\">\n\t\t\t\t\t\t<div class=\"elementor-element elementor-element-b86c015 elementor-widget elementor-widget-image\" data-id=\"b86c015\" data-element_type=\"widget\" data-e-type=\"widget\" data-widget_type=\"image.default\">\n\t\t\t\t<div class=\"elementor-widget-container\">\n\t\t\t\t\t\t\t\t\t\t\t\t\t\t\t<img decoding=\"async\" src=\"https:\/\/mzik-charlottemorizot.com\/wp-content\/uploads\/2022\/04\/259166320_594929635168323_1209421599866693851_n.jpg\" title=\"259166320_594929635168323_1209421599866693851_n\" alt=\"259166320_594929635168323_1209421599866693851_n\" loading=\"lazy\" \/>\t\t\t\t\t\t\t\t\t\t\t\t\t\t\t<\/div>\n\t\t\t\t<\/div>\n\t\t\t\t\t<\/div>\n\t\t<\/div>\n\t\t\t\t\t<\/div>\n\t\t<\/section>\n\t\t\t\t<section class=\"elementor-section elementor-top-section elementor-element elementor-element-d89a320 elementor-section-boxed elementor-section-height-default elementor-section-height-default\" data-id=\"d89a320\" data-element_type=\"section\" data-e-type=\"section\">\n\t\t\t\t\t\t<div class=\"elementor-container elementor-column-gap-default\">\n\t\t\t\t\t<div class=\"elementor-column elementor-col-100 elementor-top-column elementor-element elementor-element-977eeaa\" data-id=\"977eeaa\" data-element_type=\"column\" data-e-type=\"column\">\n\t\t\t<div class=\"elementor-widget-wrap elementor-element-populated\">\n\t\t\t\t\t\t<div class=\"elementor-element elementor-element-787437c elementor-widget elementor-widget-text-editor\" data-id=\"787437c\" data-element_type=\"widget\" data-e-type=\"widget\" data-widget_type=\"text-editor.default\">\n\t\t\t\t<div class=\"elementor-widget-container\">\n\t\t\t\t\t\t\t\t\t<p>Depuis mon plus jeune \u00e2ge la musique a toujours \u00e9t\u00e9 une \u00e9vidence, je me revois petite, coller les paroles de mes chansons pr\u00e9f\u00e9r\u00e9es sur le miroir de la salle de bain.. Entre chanteuse de salle de bain et professeure de chant il n\u2019y a qu\u2019un pas&nbsp;!<\/p>\n<p>C\u2019est au coll\u00e8ge que je commence r\u00e9ellement le chant et le piano. Tr\u00e8s rapidement j\u2019int\u00e8gre un groupe orient\u00e9 plut\u00f4t rock. Je continues mes \u00e9tudes musicales au sein de classes \u00e0 horaires am\u00e9nag\u00e9s coupl\u00e9es \u00e0 un cursus d\u2019\u00e9cole de musique.<\/p>\n<p>Mon approche de la musique est tr\u00e8s globale, un \u00e9quilibre entre pratique individuelle, collective, formation musicale, composition, sc\u00e8ne. Toute la musique est passionnante, et c\u2019est cette envie d\u2019approfondir mes comp\u00e9tences musicales qui m\u2019a men\u00e9e vers le CFPM de Villeurbanne ( Centre de Formation Professionnel de la Musique) o\u00f9 j\u2019obtiens un dipl\u00f4me de chanteuse des musiques actuelles.<\/p>\n<h4>\u00ab&nbsp; Former les hommes ce n\u2019est pas remplir un vase c\u2019est allumer un feu.&nbsp;\u00bb Aristote<\/h4>\n<p>Transmettre ses connaissances est un partage sans fin et passionnant, mon amour de la musique s\u2019est tr\u00e8s vite alli\u00e9 \u00e0 l\u2019envie de partager ma passion. L\u2019envie de me former r\u00e9guli\u00e8rement pour rester \u00e0 jour sur la voix et percer ses myst\u00e8res tout en en faisant profiter mes \u00e9l\u00e8ves. J\u2019ai r\u00e9cemment suivi un stage Du Chanteur Moderne, une p\u00e9dagogie vocale bas\u00e9e sur l\u2019anatomie et l\u2019acoustique dont le but est de chanter bien et confortablement&nbsp;! Je suis \u00e9galement en formation pour obtenir la certification Chant voix et Corps, une autre approche entre voix, corps et mental pour chanter en confort avec soi, son corps et son esprit.<\/p>\t\t\t\t\t\t\t\t<\/div>\n\t\t\t\t<\/div>\n\t\t\t\t\t<\/div>\n\t\t<\/div>\n\t\t\t\t\t<\/div>\n\t\t<\/section>\n\t\t\t\t<\/div>\n\t\t","protected":false},"excerpt":{"rendered":"<p>Depuis mon plus jeune \u00e2ge la musique a toujours \u00e9t\u00e9 une \u00e9vidence, je me revois petite, coller les paroles de mes chansons pr\u00e9f\u00e9r\u00e9es sur le miroir de la salle de bain.. Entre chanteuse de salle de bain et professeure de chant il n\u2019y a qu\u2019un pas&nbsp;! C\u2019est au coll\u00e8ge que je commence r\u00e9ellement le chant [&hellip;]<\/p>\n","protected":false},"author":1,"featured_media":0,"parent":0,"menu_order":0,"comment_status":"closed","ping_status":"closed","template":"","meta":{"om_disable_all_campaigns":false,"_monsterinsights_skip_tracking":false,"_monsterinsights_sitenote_active":false,"_monsterinsights_sitenote_note":"","_monsterinsights_sitenote_category":0,"footnotes":""},"class_list":["post-21","page","type-page","status-publish","hentry","entry"],"aioseo_notices":[],"yoast_head":"<!-- This site is optimized with the Yoast SEO plugin v27.3 - https:\/\/yoast.com\/product\/yoast-seo-wordpress\/ -->\n<title>Qui suis-je ? - M&#039;zik<\/title>\n<meta name=\"robots\" content=\"index, follow, max-snippet:-1, max-image-preview:large, max-video-preview:-1\" \/>\n<link rel=\"canonical\" href=\"https:\/\/mzik-charlottemorizot.com\/?page_id=21\" \/>\n<meta property=\"og:locale\" content=\"fr_FR\" \/>\n<meta property=\"og:type\" content=\"article\" \/>\n<meta property=\"og:title\" content=\"Qui suis-je ? - M&#039;zik\" \/>\n<meta property=\"og:description\" content=\"Depuis mon plus jeune \u00e2ge la musique a toujours \u00e9t\u00e9 une \u00e9vidence, je me revois petite, coller les paroles de mes chansons pr\u00e9f\u00e9r\u00e9es sur le miroir de la salle de bain.. Entre chanteuse de salle de bain et professeure de chant il n\u2019y a qu\u2019un pas&nbsp;! C\u2019est au coll\u00e8ge que je commence r\u00e9ellement le chant [&hellip;]\" \/>\n<meta property=\"og:url\" content=\"https:\/\/mzik-charlottemorizot.com\/?page_id=21\" \/>\n<meta property=\"og:site_name\" content=\"M&#039;zik\" \/>\n<meta property=\"article:modified_time\" content=\"2022-04-22T08:33:59+00:00\" \/>\n<meta property=\"og:image\" content=\"http:\/\/mzik-charlottemorizot.com\/wp-content\/uploads\/elementor\/thumbs\/259166320_594929635168323_1209421599866693851_n-pnly4ocec700qb9e5s8iy4fanaivdqaa42x08vt63k.jpg\" \/>\n<meta name=\"twitter:card\" content=\"summary_large_image\" \/>\n<meta name=\"twitter:label1\" content=\"Dur\u00e9e de lecture estim\u00e9e\" \/>\n\t<meta name=\"twitter:data1\" content=\"2 minutes\" \/>\n<script type=\"application\/ld+json\" class=\"yoast-schema-graph\">{\"@context\":\"https:\\\/\\\/schema.org\",\"@graph\":[{\"@type\":\"WebPage\",\"@id\":\"https:\\\/\\\/mzik-charlottemorizot.com\\\/?page_id=21\",\"url\":\"https:\\\/\\\/mzik-charlottemorizot.com\\\/?page_id=21\",\"name\":\"Qui suis-je ? - M&#039;zik\",\"isPartOf\":{\"@id\":\"https:\\\/\\\/mzik-charlottemorizot.com\\\/#website\"},\"primaryImageOfPage\":{\"@id\":\"https:\\\/\\\/mzik-charlottemorizot.com\\\/?page_id=21#primaryimage\"},\"image\":{\"@id\":\"https:\\\/\\\/mzik-charlottemorizot.com\\\/?page_id=21#primaryimage\"},\"thumbnailUrl\":\"http:\\\/\\\/mzik-charlottemorizot.com\\\/wp-content\\\/uploads\\\/elementor\\\/thumbs\\\/259166320_594929635168323_1209421599866693851_n-pnly4ocec700qb9e5s8iy4fanaivdqaa42x08vt63k.jpg\",\"datePublished\":\"2022-03-27T11:05:19+00:00\",\"dateModified\":\"2022-04-22T08:33:59+00:00\",\"breadcrumb\":{\"@id\":\"https:\\\/\\\/mzik-charlottemorizot.com\\\/?page_id=21#breadcrumb\"},\"inLanguage\":\"fr-FR\",\"potentialAction\":[{\"@type\":\"ReadAction\",\"target\":[\"https:\\\/\\\/mzik-charlottemorizot.com\\\/?page_id=21\"]}]},{\"@type\":\"ImageObject\",\"inLanguage\":\"fr-FR\",\"@id\":\"https:\\\/\\\/mzik-charlottemorizot.com\\\/?page_id=21#primaryimage\",\"url\":\"http:\\\/\\\/mzik-charlottemorizot.com\\\/wp-content\\\/uploads\\\/elementor\\\/thumbs\\\/259166320_594929635168323_1209421599866693851_n-pnly4ocec700qb9e5s8iy4fanaivdqaa42x08vt63k.jpg\",\"contentUrl\":\"http:\\\/\\\/mzik-charlottemorizot.com\\\/wp-content\\\/uploads\\\/elementor\\\/thumbs\\\/259166320_594929635168323_1209421599866693851_n-pnly4ocec700qb9e5s8iy4fanaivdqaa42x08vt63k.jpg\"},{\"@type\":\"BreadcrumbList\",\"@id\":\"https:\\\/\\\/mzik-charlottemorizot.com\\\/?page_id=21#breadcrumb\",\"itemListElement\":[{\"@type\":\"ListItem\",\"position\":1,\"name\":\"Accueil\",\"item\":\"https:\\\/\\\/mzik-charlottemorizot.com\\\/\"},{\"@type\":\"ListItem\",\"position\":2,\"name\":\"Qui suis-je ?\"}]},{\"@type\":\"WebSite\",\"@id\":\"https:\\\/\\\/mzik-charlottemorizot.com\\\/#website\",\"url\":\"https:\\\/\\\/mzik-charlottemorizot.com\\\/\",\"name\":\"M&#039;zik\",\"description\":\"Professeure de chant &amp; piano, artiste\",\"publisher\":{\"@id\":\"https:\\\/\\\/mzik-charlottemorizot.com\\\/#organization\"},\"potentialAction\":[{\"@type\":\"SearchAction\",\"target\":{\"@type\":\"EntryPoint\",\"urlTemplate\":\"https:\\\/\\\/mzik-charlottemorizot.com\\\/?s={search_term_string}\"},\"query-input\":{\"@type\":\"PropertyValueSpecification\",\"valueRequired\":true,\"valueName\":\"search_term_string\"}}],\"inLanguage\":\"fr-FR\"},{\"@type\":\"Organization\",\"@id\":\"https:\\\/\\\/mzik-charlottemorizot.com\\\/#organization\",\"name\":\"M&#039;zik\",\"url\":\"https:\\\/\\\/mzik-charlottemorizot.com\\\/\",\"logo\":{\"@type\":\"ImageObject\",\"inLanguage\":\"fr-FR\",\"@id\":\"https:\\\/\\\/mzik-charlottemorizot.com\\\/#\\\/schema\\\/logo\\\/image\\\/\",\"url\":\"https:\\\/\\\/mzik-charlottemorizot.com\\\/wp-content\\\/uploads\\\/2022\\\/03\\\/cropped-Mzik-1-1.png\",\"contentUrl\":\"https:\\\/\\\/mzik-charlottemorizot.com\\\/wp-content\\\/uploads\\\/2022\\\/03\\\/cropped-Mzik-1-1.png\",\"width\":500,\"height\":250,\"caption\":\"M&#039;zik\"},\"image\":{\"@id\":\"https:\\\/\\\/mzik-charlottemorizot.com\\\/#\\\/schema\\\/logo\\\/image\\\/\"}}]}<\/script>\n<!-- \/ Yoast SEO plugin. -->","yoast_head_json":{"title":"Qui suis-je ? - M&#039;zik","robots":{"index":"index","follow":"follow","max-snippet":"max-snippet:-1","max-image-preview":"max-image-preview:large","max-video-preview":"max-video-preview:-1"},"canonical":"https:\/\/mzik-charlottemorizot.com\/?page_id=21","og_locale":"fr_FR","og_type":"article","og_title":"Qui suis-je ? - M&#039;zik","og_description":"Depuis mon plus jeune \u00e2ge la musique a toujours \u00e9t\u00e9 une \u00e9vidence, je me revois petite, coller les paroles de mes chansons pr\u00e9f\u00e9r\u00e9es sur le miroir de la salle de bain.. Entre chanteuse de salle de bain et professeure de chant il n\u2019y a qu\u2019un pas&nbsp;! C\u2019est au coll\u00e8ge que je commence r\u00e9ellement le chant [&hellip;]","og_url":"https:\/\/mzik-charlottemorizot.com\/?page_id=21","og_site_name":"M&#039;zik","article_modified_time":"2022-04-22T08:33:59+00:00","og_image":[{"url":"http:\/\/mzik-charlottemorizot.com\/wp-content\/uploads\/elementor\/thumbs\/259166320_594929635168323_1209421599866693851_n-pnly4ocec700qb9e5s8iy4fanaivdqaa42x08vt63k.jpg","type":"","width":"","height":""}],"twitter_card":"summary_large_image","twitter_misc":{"Dur\u00e9e de lecture estim\u00e9e":"2 minutes"},"schema":{"@context":"https:\/\/schema.org","@graph":[{"@type":"WebPage","@id":"https:\/\/mzik-charlottemorizot.com\/?page_id=21","url":"https:\/\/mzik-charlottemorizot.com\/?page_id=21","name":"Qui suis-je ? - M&#039;zik","isPartOf":{"@id":"https:\/\/mzik-charlottemorizot.com\/#website"},"primaryImageOfPage":{"@id":"https:\/\/mzik-charlottemorizot.com\/?page_id=21#primaryimage"},"image":{"@id":"https:\/\/mzik-charlottemorizot.com\/?page_id=21#primaryimage"},"thumbnailUrl":"http:\/\/mzik-charlottemorizot.com\/wp-content\/uploads\/elementor\/thumbs\/259166320_594929635168323_1209421599866693851_n-pnly4ocec700qb9e5s8iy4fanaivdqaa42x08vt63k.jpg","datePublished":"2022-03-27T11:05:19+00:00","dateModified":"2022-04-22T08:33:59+00:00","breadcrumb":{"@id":"https:\/\/mzik-charlottemorizot.com\/?page_id=21#breadcrumb"},"inLanguage":"fr-FR","potentialAction":[{"@type":"ReadAction","target":["https:\/\/mzik-charlottemorizot.com\/?page_id=21"]}]},{"@type":"ImageObject","inLanguage":"fr-FR","@id":"https:\/\/mzik-charlottemorizot.com\/?page_id=21#primaryimage","url":"http:\/\/mzik-charlottemorizot.com\/wp-content\/uploads\/elementor\/thumbs\/259166320_594929635168323_1209421599866693851_n-pnly4ocec700qb9e5s8iy4fanaivdqaa42x08vt63k.jpg","contentUrl":"http:\/\/mzik-charlottemorizot.com\/wp-content\/uploads\/elementor\/thumbs\/259166320_594929635168323_1209421599866693851_n-pnly4ocec700qb9e5s8iy4fanaivdqaa42x08vt63k.jpg"},{"@type":"BreadcrumbList","@id":"https:\/\/mzik-charlottemorizot.com\/?page_id=21#breadcrumb","itemListElement":[{"@type":"ListItem","position":1,"name":"Accueil","item":"https:\/\/mzik-charlottemorizot.com\/"},{"@type":"ListItem","position":2,"name":"Qui suis-je ?"}]},{"@type":"WebSite","@id":"https:\/\/mzik-charlottemorizot.com\/#website","url":"https:\/\/mzik-charlottemorizot.com\/","name":"M&#039;zik","description":"Professeure de chant &amp; piano, artiste","publisher":{"@id":"https:\/\/mzik-charlottemorizot.com\/#organization"},"potentialAction":[{"@type":"SearchAction","target":{"@type":"EntryPoint","urlTemplate":"https:\/\/mzik-charlottemorizot.com\/?s={search_term_string}"},"query-input":{"@type":"PropertyValueSpecification","valueRequired":true,"valueName":"search_term_string"}}],"inLanguage":"fr-FR"},{"@type":"Organization","@id":"https:\/\/mzik-charlottemorizot.com\/#organization","name":"M&#039;zik","url":"https:\/\/mzik-charlottemorizot.com\/","logo":{"@type":"ImageObject","inLanguage":"fr-FR","@id":"https:\/\/mzik-charlottemorizot.com\/#\/schema\/logo\/image\/","url":"https:\/\/mzik-charlottemorizot.com\/wp-content\/uploads\/2022\/03\/cropped-Mzik-1-1.png","contentUrl":"https:\/\/mzik-charlottemorizot.com\/wp-content\/uploads\/2022\/03\/cropped-Mzik-1-1.png","width":500,"height":250,"caption":"M&#039;zik"},"image":{"@id":"https:\/\/mzik-charlottemorizot.com\/#\/schema\/logo\/image\/"}}]}},"_links":{"self":[{"href":"https:\/\/mzik-charlottemorizot.com\/index.php?rest_route=\/wp\/v2\/pages\/21","targetHints":{"allow":["GET"]}}],"collection":[{"href":"https:\/\/mzik-charlottemorizot.com\/index.php?rest_route=\/wp\/v2\/pages"}],"about":[{"href":"https:\/\/mzik-charlottemorizot.com\/index.php?rest_route=\/wp\/v2\/types\/page"}],"author":[{"embeddable":true,"href":"https:\/\/mzik-charlottemorizot.com\/index.php?rest_route=\/wp\/v2\/users\/1"}],"replies":[{"embeddable":true,"href":"https:\/\/mzik-charlottemorizot.com\/index.php?rest_route=%2Fwp%2Fv2%2Fcomments&post=21"}],"version-history":[{"count":7,"href":"https:\/\/mzik-charlottemorizot.com\/index.php?rest_route=\/wp\/v2\/pages\/21\/revisions"}],"predecessor-version":[{"id":235,"href":"https:\/\/mzik-charlottemorizot.com\/index.php?rest_route=\/wp\/v2\/pages\/21\/revisions\/235"}],"wp:attachment":[{"href":"https:\/\/mzik-charlottemorizot.com\/index.php?rest_route=%2Fwp%2Fv2%2Fmedia&parent=21"}],"curies":[{"name":"wp","href":"https:\/\/api.w.org\/{rel}","templated":true}]}}