{"id":23,"date":"2022-03-27T11:07:37","date_gmt":"2022-03-27T11:07:37","guid":{"rendered":"http:\/\/mzik-charlottemorizot.com\/?page_id=23"},"modified":"2022-10-17T07:39:05","modified_gmt":"2022-10-17T07:39:05","slug":"agenda","status":"publish","type":"page","link":"https:\/\/mzik-charlottemorizot.com\/?page_id=23","title":{"rendered":"Agenda"},"content":{"rendered":"\t\t<div data-elementor-type=\"wp-page\" data-elementor-id=\"23\" class=\"elementor elementor-23\">\n\t\t\t\t\t\t<section class=\"elementor-section elementor-top-section elementor-element elementor-element-c428295 elementor-section-boxed elementor-section-height-default elementor-section-height-default\" data-id=\"c428295\" data-element_type=\"section\" data-e-type=\"section\">\n\t\t\t\t\t\t<div class=\"elementor-container elementor-column-gap-default\">\n\t\t\t\t\t<div class=\"elementor-column elementor-col-100 elementor-top-column elementor-element elementor-element-04523f8\" data-id=\"04523f8\" data-element_type=\"column\" data-e-type=\"column\">\n\t\t\t<div class=\"elementor-widget-wrap elementor-element-populated\">\n\t\t\t\t\t\t<div class=\"elementor-element elementor-element-4262cab elementor-widget elementor-widget-image\" data-id=\"4262cab\" data-element_type=\"widget\" data-e-type=\"widget\" data-widget_type=\"image.default\">\n\t\t\t\t<div class=\"elementor-widget-container\">\n\t\t\t\t\t\t\t\t\t\t\t\t\t\t\t<img fetchpriority=\"high\" decoding=\"async\" width=\"266\" height=\"300\" src=\"https:\/\/mzik-charlottemorizot.com\/wp-content\/uploads\/2022\/10\/311912755_646236506947563_2290048399268679085_n-266x300.jpg\" class=\"attachment-medium size-medium wp-image-364\" alt=\"\" srcset=\"https:\/\/mzik-charlottemorizot.com\/wp-content\/uploads\/2022\/10\/311912755_646236506947563_2290048399268679085_n-266x300.jpg 266w, https:\/\/mzik-charlottemorizot.com\/wp-content\/uploads\/2022\/10\/311912755_646236506947563_2290048399268679085_n-908x1024.jpg 908w, https:\/\/mzik-charlottemorizot.com\/wp-content\/uploads\/2022\/10\/311912755_646236506947563_2290048399268679085_n-768x866.jpg 768w, https:\/\/mzik-charlottemorizot.com\/wp-content\/uploads\/2022\/10\/311912755_646236506947563_2290048399268679085_n.jpg 1080w\" sizes=\"(max-width: 266px) 100vw, 266px\" \/>\t\t\t\t\t\t\t\t\t\t\t\t\t\t\t<\/div>\n\t\t\t\t<\/div>\n\t\t\t\t\t<\/div>\n\t\t<\/div>\n\t\t\t\t\t<\/div>\n\t\t<\/section>\n\t\t\t\t<section class=\"elementor-section elementor-top-section elementor-element elementor-element-9c08709 elementor-section-boxed elementor-section-height-default elementor-section-height-default\" data-id=\"9c08709\" data-element_type=\"section\" data-e-type=\"section\">\n\t\t\t\t\t\t<div class=\"elementor-container elementor-column-gap-default\">\n\t\t\t\t\t<div class=\"elementor-column elementor-col-100 elementor-top-column elementor-element elementor-element-c989ae9\" data-id=\"c989ae9\" data-element_type=\"column\" data-e-type=\"column\">\n\t\t\t<div class=\"elementor-widget-wrap elementor-element-populated\">\n\t\t\t\t\t\t<div class=\"elementor-element elementor-element-81cf0f6 elementor-widget elementor-widget-heading\" data-id=\"81cf0f6\" data-element_type=\"widget\" data-e-type=\"widget\" data-widget_type=\"heading.default\">\n\t\t\t\t<div class=\"elementor-widget-container\">\n\t\t\t\t\t<h2 class=\"elementor-heading-title elementor-size-default\">Retrouvez moi ce samedi 22 octobre 2022 \u00e0 21h, \u00e0 l'Ivrs, 8 Rue Pasteur \u00e0 St bonnet de Mure 69720. J'ai h\u00e2te de vous retrouver en live ! <\/h2>\t\t\t\t<\/div>\n\t\t\t\t<\/div>\n\t\t\t\t\t<\/div>\n\t\t<\/div>\n\t\t\t\t\t<\/div>\n\t\t<\/section>\n\t\t\t\t<section class=\"elementor-section elementor-top-section elementor-element elementor-element-e3f05c7 elementor-section-boxed elementor-section-height-default elementor-section-height-default\" data-id=\"e3f05c7\" data-element_type=\"section\" data-e-type=\"section\">\n\t\t\t\t\t\t<div class=\"elementor-container elementor-column-gap-default\">\n\t\t\t\t\t<div class=\"elementor-column elementor-col-100 elementor-top-column elementor-element elementor-element-427cb19\" data-id=\"427cb19\" data-element_type=\"column\" data-e-type=\"column\">\n\t\t\t<div class=\"elementor-widget-wrap elementor-element-populated\">\n\t\t\t\t\t\t<div class=\"elementor-element elementor-element-98a09a7 elementor-widget elementor-widget-image\" data-id=\"98a09a7\" data-element_type=\"widget\" data-e-type=\"widget\" data-widget_type=\"image.default\">\n\t\t\t\t<div class=\"elementor-widget-container\">\n\t\t\t\t\t\t\t\t\t\t\t\t\t\t\t<img decoding=\"async\" width=\"253\" height=\"300\" src=\"https:\/\/mzik-charlottemorizot.com\/wp-content\/uploads\/2022\/10\/311953220_663760005098837_1924534791445637185_n-253x300.jpg\" class=\"attachment-medium size-medium wp-image-362\" alt=\"\" srcset=\"https:\/\/mzik-charlottemorizot.com\/wp-content\/uploads\/2022\/10\/311953220_663760005098837_1924534791445637185_n-253x300.jpg 253w, https:\/\/mzik-charlottemorizot.com\/wp-content\/uploads\/2022\/10\/311953220_663760005098837_1924534791445637185_n-864x1024.jpg 864w, https:\/\/mzik-charlottemorizot.com\/wp-content\/uploads\/2022\/10\/311953220_663760005098837_1924534791445637185_n-768x910.jpg 768w, https:\/\/mzik-charlottemorizot.com\/wp-content\/uploads\/2022\/10\/311953220_663760005098837_1924534791445637185_n.jpg 1077w\" sizes=\"(max-width: 253px) 100vw, 253px\" \/>\t\t\t\t\t\t\t\t\t\t\t\t\t\t\t<\/div>\n\t\t\t\t<\/div>\n\t\t\t\t\t<\/div>\n\t\t<\/div>\n\t\t\t\t\t<\/div>\n\t\t<\/section>\n\t\t\t\t<section class=\"elementor-section elementor-top-section elementor-element elementor-element-fda5f79 elementor-section-boxed elementor-section-height-default elementor-section-height-default\" data-id=\"fda5f79\" data-element_type=\"section\" data-e-type=\"section\">\n\t\t\t\t\t\t<div class=\"elementor-container elementor-column-gap-default\">\n\t\t\t\t\t<div class=\"elementor-column elementor-col-100 elementor-top-column elementor-element elementor-element-b04546c\" data-id=\"b04546c\" data-element_type=\"column\" data-e-type=\"column\">\n\t\t\t<div class=\"elementor-widget-wrap elementor-element-populated\">\n\t\t\t\t\t\t<div class=\"elementor-element elementor-element-abbd0ab elementor-widget elementor-widget-image\" data-id=\"abbd0ab\" data-element_type=\"widget\" data-e-type=\"widget\" data-widget_type=\"image.default\">\n\t\t\t\t<div class=\"elementor-widget-container\">\n\t\t\t\t\t\t\t\t\t\t\t\t\t\t\t<img decoding=\"async\" width=\"213\" height=\"300\" src=\"https:\/\/mzik-charlottemorizot.com\/wp-content\/uploads\/2022\/05\/Screenshot_20220523-205448_Facebook-213x300.jpg\" class=\"attachment-medium size-medium wp-image-333\" alt=\"\" srcset=\"https:\/\/mzik-charlottemorizot.com\/wp-content\/uploads\/2022\/05\/Screenshot_20220523-205448_Facebook-213x300.jpg 213w, https:\/\/mzik-charlottemorizot.com\/wp-content\/uploads\/2022\/05\/Screenshot_20220523-205448_Facebook-726x1024.jpg 726w, https:\/\/mzik-charlottemorizot.com\/wp-content\/uploads\/2022\/05\/Screenshot_20220523-205448_Facebook-768x1083.jpg 768w, https:\/\/mzik-charlottemorizot.com\/wp-content\/uploads\/2022\/05\/Screenshot_20220523-205448_Facebook.jpg 1080w\" sizes=\"(max-width: 213px) 100vw, 213px\" \/>\t\t\t\t\t\t\t\t\t\t\t\t\t\t\t<\/div>\n\t\t\t\t<\/div>\n\t\t\t\t\t<\/div>\n\t\t<\/div>\n\t\t\t\t\t<\/div>\n\t\t<\/section>\n\t\t\t\t<\/div>\n\t\t","protected":false},"excerpt":{"rendered":"<p>Retrouvez moi ce samedi 22 octobre 2022 \u00e0 21h, \u00e0 l&rsquo;Ivrs, 8 Rue Pasteur \u00e0 St bonnet de Mure 69720. J&rsquo;ai h\u00e2te de vous retrouver en live !<\/p>\n","protected":false},"author":1,"featured_media":0,"parent":0,"menu_order":0,"comment_status":"closed","ping_status":"closed","template":"","meta":{"om_disable_all_campaigns":false,"_monsterinsights_skip_tracking":false,"_monsterinsights_sitenote_active":false,"_monsterinsights_sitenote_note":"","_monsterinsights_sitenote_category":0,"footnotes":""},"class_list":["post-23","page","type-page","status-publish","hentry","entry"],"aioseo_notices":[],"yoast_head":"<!-- This site is optimized with the Yoast SEO plugin v27.3 - https:\/\/yoast.com\/product\/yoast-seo-wordpress\/ -->\n<title>Agenda - M&#039;zik<\/title>\n<meta name=\"robots\" content=\"index, follow, max-snippet:-1, max-image-preview:large, max-video-preview:-1\" \/>\n<link rel=\"canonical\" href=\"https:\/\/mzik-charlottemorizot.com\/?page_id=23\" \/>\n<meta property=\"og:locale\" content=\"fr_FR\" \/>\n<meta property=\"og:type\" content=\"article\" \/>\n<meta property=\"og:title\" content=\"Agenda - M&#039;zik\" \/>\n<meta property=\"og:description\" content=\"Retrouvez moi ce samedi 22 octobre 2022 \u00e0 21h, \u00e0 l&rsquo;Ivrs, 8 Rue Pasteur \u00e0 St bonnet de Mure 69720. J&rsquo;ai h\u00e2te de vous retrouver en live !\" \/>\n<meta property=\"og:url\" content=\"https:\/\/mzik-charlottemorizot.com\/?page_id=23\" \/>\n<meta property=\"og:site_name\" content=\"M&#039;zik\" \/>\n<meta property=\"article:modified_time\" content=\"2022-10-17T07:39:05+00:00\" \/>\n<meta property=\"og:image\" content=\"http:\/\/mzik-charlottemorizot.com\/wp-content\/uploads\/2022\/10\/311912755_646236506947563_2290048399268679085_n-266x300.jpg\" \/>\n<meta name=\"twitter:card\" content=\"summary_large_image\" \/>\n<meta name=\"twitter:label1\" content=\"Dur\u00e9e de lecture estim\u00e9e\" \/>\n\t<meta name=\"twitter:data1\" content=\"1 minute\" \/>\n<script type=\"application\/ld+json\" class=\"yoast-schema-graph\">{\"@context\":\"https:\\\/\\\/schema.org\",\"@graph\":[{\"@type\":\"WebPage\",\"@id\":\"https:\\\/\\\/mzik-charlottemorizot.com\\\/?page_id=23\",\"url\":\"https:\\\/\\\/mzik-charlottemorizot.com\\\/?page_id=23\",\"name\":\"Agenda - M&#039;zik\",\"isPartOf\":{\"@id\":\"https:\\\/\\\/mzik-charlottemorizot.com\\\/#website\"},\"primaryImageOfPage\":{\"@id\":\"https:\\\/\\\/mzik-charlottemorizot.com\\\/?page_id=23#primaryimage\"},\"image\":{\"@id\":\"https:\\\/\\\/mzik-charlottemorizot.com\\\/?page_id=23#primaryimage\"},\"thumbnailUrl\":\"http:\\\/\\\/mzik-charlottemorizot.com\\\/wp-content\\\/uploads\\\/2022\\\/10\\\/311912755_646236506947563_2290048399268679085_n-266x300.jpg\",\"datePublished\":\"2022-03-27T11:07:37+00:00\",\"dateModified\":\"2022-10-17T07:39:05+00:00\",\"breadcrumb\":{\"@id\":\"https:\\\/\\\/mzik-charlottemorizot.com\\\/?page_id=23#breadcrumb\"},\"inLanguage\":\"fr-FR\",\"potentialAction\":[{\"@type\":\"ReadAction\",\"target\":[\"https:\\\/\\\/mzik-charlottemorizot.com\\\/?page_id=23\"]}]},{\"@type\":\"ImageObject\",\"inLanguage\":\"fr-FR\",\"@id\":\"https:\\\/\\\/mzik-charlottemorizot.com\\\/?page_id=23#primaryimage\",\"url\":\"http:\\\/\\\/mzik-charlottemorizot.com\\\/wp-content\\\/uploads\\\/2022\\\/10\\\/311912755_646236506947563_2290048399268679085_n-266x300.jpg\",\"contentUrl\":\"http:\\\/\\\/mzik-charlottemorizot.com\\\/wp-content\\\/uploads\\\/2022\\\/10\\\/311912755_646236506947563_2290048399268679085_n-266x300.jpg\"},{\"@type\":\"BreadcrumbList\",\"@id\":\"https:\\\/\\\/mzik-charlottemorizot.com\\\/?page_id=23#breadcrumb\",\"itemListElement\":[{\"@type\":\"ListItem\",\"position\":1,\"name\":\"Accueil\",\"item\":\"https:\\\/\\\/mzik-charlottemorizot.com\\\/\"},{\"@type\":\"ListItem\",\"position\":2,\"name\":\"Agenda\"}]},{\"@type\":\"WebSite\",\"@id\":\"https:\\\/\\\/mzik-charlottemorizot.com\\\/#website\",\"url\":\"https:\\\/\\\/mzik-charlottemorizot.com\\\/\",\"name\":\"M&#039;zik\",\"description\":\"Professeure de chant &amp; piano, artiste\",\"publisher\":{\"@id\":\"https:\\\/\\\/mzik-charlottemorizot.com\\\/#organization\"},\"potentialAction\":[{\"@type\":\"SearchAction\",\"target\":{\"@type\":\"EntryPoint\",\"urlTemplate\":\"https:\\\/\\\/mzik-charlottemorizot.com\\\/?s={search_term_string}\"},\"query-input\":{\"@type\":\"PropertyValueSpecification\",\"valueRequired\":true,\"valueName\":\"search_term_string\"}}],\"inLanguage\":\"fr-FR\"},{\"@type\":\"Organization\",\"@id\":\"https:\\\/\\\/mzik-charlottemorizot.com\\\/#organization\",\"name\":\"M&#039;zik\",\"url\":\"https:\\\/\\\/mzik-charlottemorizot.com\\\/\",\"logo\":{\"@type\":\"ImageObject\",\"inLanguage\":\"fr-FR\",\"@id\":\"https:\\\/\\\/mzik-charlottemorizot.com\\\/#\\\/schema\\\/logo\\\/image\\\/\",\"url\":\"https:\\\/\\\/mzik-charlottemorizot.com\\\/wp-content\\\/uploads\\\/2022\\\/03\\\/cropped-Mzik-1-1.png\",\"contentUrl\":\"https:\\\/\\\/mzik-charlottemorizot.com\\\/wp-content\\\/uploads\\\/2022\\\/03\\\/cropped-Mzik-1-1.png\",\"width\":500,\"height\":250,\"caption\":\"M&#039;zik\"},\"image\":{\"@id\":\"https:\\\/\\\/mzik-charlottemorizot.com\\\/#\\\/schema\\\/logo\\\/image\\\/\"}}]}<\/script>\n<!-- \/ Yoast SEO plugin. -->","yoast_head_json":{"title":"Agenda - M&#039;zik","robots":{"index":"index","follow":"follow","max-snippet":"max-snippet:-1","max-image-preview":"max-image-preview:large","max-video-preview":"max-video-preview:-1"},"canonical":"https:\/\/mzik-charlottemorizot.com\/?page_id=23","og_locale":"fr_FR","og_type":"article","og_title":"Agenda - M&#039;zik","og_description":"Retrouvez moi ce samedi 22 octobre 2022 \u00e0 21h, \u00e0 l&rsquo;Ivrs, 8 Rue Pasteur \u00e0 St bonnet de Mure 69720. J&rsquo;ai h\u00e2te de vous retrouver en live !","og_url":"https:\/\/mzik-charlottemorizot.com\/?page_id=23","og_site_name":"M&#039;zik","article_modified_time":"2022-10-17T07:39:05+00:00","og_image":[{"url":"http:\/\/mzik-charlottemorizot.com\/wp-content\/uploads\/2022\/10\/311912755_646236506947563_2290048399268679085_n-266x300.jpg","type":"","width":"","height":""}],"twitter_card":"summary_large_image","twitter_misc":{"Dur\u00e9e de lecture estim\u00e9e":"1 minute"},"schema":{"@context":"https:\/\/schema.org","@graph":[{"@type":"WebPage","@id":"https:\/\/mzik-charlottemorizot.com\/?page_id=23","url":"https:\/\/mzik-charlottemorizot.com\/?page_id=23","name":"Agenda - M&#039;zik","isPartOf":{"@id":"https:\/\/mzik-charlottemorizot.com\/#website"},"primaryImageOfPage":{"@id":"https:\/\/mzik-charlottemorizot.com\/?page_id=23#primaryimage"},"image":{"@id":"https:\/\/mzik-charlottemorizot.com\/?page_id=23#primaryimage"},"thumbnailUrl":"http:\/\/mzik-charlottemorizot.com\/wp-content\/uploads\/2022\/10\/311912755_646236506947563_2290048399268679085_n-266x300.jpg","datePublished":"2022-03-27T11:07:37+00:00","dateModified":"2022-10-17T07:39:05+00:00","breadcrumb":{"@id":"https:\/\/mzik-charlottemorizot.com\/?page_id=23#breadcrumb"},"inLanguage":"fr-FR","potentialAction":[{"@type":"ReadAction","target":["https:\/\/mzik-charlottemorizot.com\/?page_id=23"]}]},{"@type":"ImageObject","inLanguage":"fr-FR","@id":"https:\/\/mzik-charlottemorizot.com\/?page_id=23#primaryimage","url":"http:\/\/mzik-charlottemorizot.com\/wp-content\/uploads\/2022\/10\/311912755_646236506947563_2290048399268679085_n-266x300.jpg","contentUrl":"http:\/\/mzik-charlottemorizot.com\/wp-content\/uploads\/2022\/10\/311912755_646236506947563_2290048399268679085_n-266x300.jpg"},{"@type":"BreadcrumbList","@id":"https:\/\/mzik-charlottemorizot.com\/?page_id=23#breadcrumb","itemListElement":[{"@type":"ListItem","position":1,"name":"Accueil","item":"https:\/\/mzik-charlottemorizot.com\/"},{"@type":"ListItem","position":2,"name":"Agenda"}]},{"@type":"WebSite","@id":"https:\/\/mzik-charlottemorizot.com\/#website","url":"https:\/\/mzik-charlottemorizot.com\/","name":"M&#039;zik","description":"Professeure de chant &amp; piano, artiste","publisher":{"@id":"https:\/\/mzik-charlottemorizot.com\/#organization"},"potentialAction":[{"@type":"SearchAction","target":{"@type":"EntryPoint","urlTemplate":"https:\/\/mzik-charlottemorizot.com\/?s={search_term_string}"},"query-input":{"@type":"PropertyValueSpecification","valueRequired":true,"valueName":"search_term_string"}}],"inLanguage":"fr-FR"},{"@type":"Organization","@id":"https:\/\/mzik-charlottemorizot.com\/#organization","name":"M&#039;zik","url":"https:\/\/mzik-charlottemorizot.com\/","logo":{"@type":"ImageObject","inLanguage":"fr-FR","@id":"https:\/\/mzik-charlottemorizot.com\/#\/schema\/logo\/image\/","url":"https:\/\/mzik-charlottemorizot.com\/wp-content\/uploads\/2022\/03\/cropped-Mzik-1-1.png","contentUrl":"https:\/\/mzik-charlottemorizot.com\/wp-content\/uploads\/2022\/03\/cropped-Mzik-1-1.png","width":500,"height":250,"caption":"M&#039;zik"},"image":{"@id":"https:\/\/mzik-charlottemorizot.com\/#\/schema\/logo\/image\/"}}]}},"_links":{"self":[{"href":"https:\/\/mzik-charlottemorizot.com\/index.php?rest_route=\/wp\/v2\/pages\/23","targetHints":{"allow":["GET"]}}],"collection":[{"href":"https:\/\/mzik-charlottemorizot.com\/index.php?rest_route=\/wp\/v2\/pages"}],"about":[{"href":"https:\/\/mzik-charlottemorizot.com\/index.php?rest_route=\/wp\/v2\/types\/page"}],"author":[{"embeddable":true,"href":"https:\/\/mzik-charlottemorizot.com\/index.php?rest_route=\/wp\/v2\/users\/1"}],"replies":[{"embeddable":true,"href":"https:\/\/mzik-charlottemorizot.com\/index.php?rest_route=%2Fwp%2Fv2%2Fcomments&post=23"}],"version-history":[{"count":19,"href":"https:\/\/mzik-charlottemorizot.com\/index.php?rest_route=\/wp\/v2\/pages\/23\/revisions"}],"predecessor-version":[{"id":374,"href":"https:\/\/mzik-charlottemorizot.com\/index.php?rest_route=\/wp\/v2\/pages\/23\/revisions\/374"}],"wp:attachment":[{"href":"https:\/\/mzik-charlottemorizot.com\/index.php?rest_route=%2Fwp%2Fv2%2Fmedia&parent=23"}],"curies":[{"name":"wp","href":"https:\/\/api.w.org\/{rel}","templated":true}]}}