{"id":298,"date":"2022-04-22T09:25:21","date_gmt":"2022-04-22T09:25:21","guid":{"rendered":"http:\/\/mzik-charlottemorizot.com\/?page_id=298"},"modified":"2022-07-04T16:57:21","modified_gmt":"2022-07-04T16:57:21","slug":"temoignages","status":"publish","type":"page","link":"https:\/\/mzik-charlottemorizot.com\/?page_id=298","title":{"rendered":"T\u00e9moignages"},"content":{"rendered":"\t\t<div data-elementor-type=\"wp-page\" data-elementor-id=\"298\" class=\"elementor elementor-298\">\n\t\t\t\t\t\t<section class=\"elementor-section elementor-top-section elementor-element elementor-element-6895baa elementor-section-boxed elementor-section-height-default elementor-section-height-default\" data-id=\"6895baa\" data-element_type=\"section\" data-e-type=\"section\">\n\t\t\t\t\t\t<div class=\"elementor-container elementor-column-gap-default\">\n\t\t\t\t\t<div class=\"elementor-column elementor-col-33 elementor-top-column elementor-element elementor-element-b66bf4b\" data-id=\"b66bf4b\" data-element_type=\"column\" data-e-type=\"column\">\n\t\t\t<div class=\"elementor-widget-wrap elementor-element-populated\">\n\t\t\t\t\t\t<div class=\"elementor-element elementor-element-d8f1c1a e-transform e-transform elementor-widget elementor-widget-text-editor\" data-id=\"d8f1c1a\" data-element_type=\"widget\" data-e-type=\"widget\" data-settings=\"{&quot;_transform_scale_effect&quot;:{&quot;unit&quot;:&quot;px&quot;,&quot;size&quot;:1,&quot;sizes&quot;:[]},&quot;_transform_rotateZ_effect&quot;:{&quot;unit&quot;:&quot;px&quot;,&quot;size&quot;:&quot;&quot;,&quot;sizes&quot;:[]},&quot;_transform_rotateZ_effect_tablet&quot;:{&quot;unit&quot;:&quot;deg&quot;,&quot;size&quot;:&quot;&quot;,&quot;sizes&quot;:[]},&quot;_transform_rotateZ_effect_mobile&quot;:{&quot;unit&quot;:&quot;deg&quot;,&quot;size&quot;:&quot;&quot;,&quot;sizes&quot;:[]},&quot;_transform_scale_effect_tablet&quot;:{&quot;unit&quot;:&quot;px&quot;,&quot;size&quot;:&quot;&quot;,&quot;sizes&quot;:[]},&quot;_transform_scale_effect_mobile&quot;:{&quot;unit&quot;:&quot;px&quot;,&quot;size&quot;:&quot;&quot;,&quot;sizes&quot;:[]}}\" data-widget_type=\"text-editor.default\">\n\t\t\t\t<div class=\"elementor-widget-container\">\n\t\t\t\t\t\t\t\t\t<p>Merci Charlotte pour cette ann\u00e9e de d\u00e9couverte. J&rsquo;ai vraiment beaucoup appr\u00e9ci\u00e9 tes cours de chant et m\u00e9thode au cas par cas pleine d&rsquo;id\u00e9es mais aussi bien s\u00fbr ta gentillesse.\u00a0<\/p>\n<p>Fran\u00e7oise<\/p>\t\t\t\t\t\t\t\t<\/div>\n\t\t\t\t<\/div>\n\t\t\t\t\t<\/div>\n\t\t<\/div>\n\t\t\t\t<div class=\"elementor-column elementor-col-33 elementor-top-column elementor-element elementor-element-66f6f77\" data-id=\"66f6f77\" data-element_type=\"column\" data-e-type=\"column\">\n\t\t\t<div class=\"elementor-widget-wrap elementor-element-populated\">\n\t\t\t\t\t\t<div class=\"elementor-element elementor-element-22ad61d elementor-widget elementor-widget-text-editor\" data-id=\"22ad61d\" data-element_type=\"widget\" data-e-type=\"widget\" data-widget_type=\"text-editor.default\">\n\t\t\t\t<div class=\"elementor-widget-container\">\n\t\t\t\t\t\t\t\t\t<p>Merci \u00e0 toi Charlotte pour cette ann\u00e9e et pour tout ce que tu m&rsquo;as apport\u00e9. J&rsquo;ai vu de r\u00e9els progr\u00e8s entre le d\u00e9but et la fin de l&rsquo;ann\u00e9e \u00e0 tes c\u00f4t\u00e9s.<\/p>\n<p>Mathis<\/p>\t\t\t\t\t\t\t\t<\/div>\n\t\t\t\t<\/div>\n\t\t\t\t\t<\/div>\n\t\t<\/div>\n\t\t\t\t<div class=\"elementor-column elementor-col-33 elementor-top-column elementor-element elementor-element-4fd7a13\" data-id=\"4fd7a13\" data-element_type=\"column\" data-e-type=\"column\">\n\t\t\t<div class=\"elementor-widget-wrap elementor-element-populated\">\n\t\t\t\t\t\t<div class=\"elementor-element elementor-element-a9ddb0b elementor-widget elementor-widget-text-editor\" data-id=\"a9ddb0b\" data-element_type=\"widget\" data-e-type=\"widget\" data-widget_type=\"text-editor.default\">\n\t\t\t\t<div class=\"elementor-widget-container\">\n\t\t\t\t\t\t\t\t\t<p>Beaucoup de plaisir \u00e0 suivre l&rsquo;enseignement de Charlotte, qui intervient avec bienveillance et comp\u00e9tence. Par un panel de petits exercices vari\u00e9s et adapt\u00e9s aux probl\u00e9matiques rencontr\u00e9es, elle m&rsquo;a permis d&rsquo;avancer dans ma pratique du chant.\u00a0<\/p><p>Natacha<\/p>\t\t\t\t\t\t\t\t<\/div>\n\t\t\t\t<\/div>\n\t\t\t\t\t<\/div>\n\t\t<\/div>\n\t\t\t\t\t<\/div>\n\t\t<\/section>\n\t\t\t\t<section class=\"elementor-section elementor-top-section elementor-element elementor-element-39e75b7 elementor-section-boxed elementor-section-height-default elementor-section-height-default\" data-id=\"39e75b7\" data-element_type=\"section\" data-e-type=\"section\">\n\t\t\t\t\t\t<div class=\"elementor-container elementor-column-gap-default\">\n\t\t\t\t\t<div class=\"elementor-column elementor-col-33 elementor-top-column elementor-element elementor-element-c8bcf19\" data-id=\"c8bcf19\" data-element_type=\"column\" data-e-type=\"column\">\n\t\t\t<div class=\"elementor-widget-wrap elementor-element-populated\">\n\t\t\t\t\t\t<div class=\"elementor-element elementor-element-9899bf1 elementor-widget elementor-widget-text-editor\" data-id=\"9899bf1\" data-element_type=\"widget\" data-e-type=\"widget\" data-widget_type=\"text-editor.default\">\n\t\t\t\t<div class=\"elementor-widget-container\">\n\t\t\t\t\t\t\t\t\t<p>J&rsquo;ai ador\u00e9 les cours, j&rsquo;ai profit\u00e9 de chaque moments pass\u00e9s. J&rsquo;ai vu une \u00e9norme progression sur ma voix et je trouve \u00e7a g\u00e9nial. Tu es tr\u00e8s \u00e0 l&rsquo;\u00e9coute et tu laisses beaucoup l&rsquo;avis et la parole. Tu laisses les gens comprendre ce qu&rsquo;ils font afin que ce ne soit pas robotique et tu mets du coeur dans ce que tu fais. Merci beaucoup pour cette ann\u00e9e.<\/p><p>Juliane<\/p>\t\t\t\t\t\t\t\t<\/div>\n\t\t\t\t<\/div>\n\t\t\t\t\t<\/div>\n\t\t<\/div>\n\t\t\t\t<div class=\"elementor-column elementor-col-33 elementor-top-column elementor-element elementor-element-6572292\" data-id=\"6572292\" data-element_type=\"column\" data-e-type=\"column\">\n\t\t\t<div class=\"elementor-widget-wrap\">\n\t\t\t\t\t\t\t<\/div>\n\t\t<\/div>\n\t\t\t\t<div class=\"elementor-column elementor-col-33 elementor-top-column elementor-element elementor-element-ad6b4a0\" data-id=\"ad6b4a0\" data-element_type=\"column\" data-e-type=\"column\">\n\t\t\t<div class=\"elementor-widget-wrap\">\n\t\t\t\t\t\t\t<\/div>\n\t\t<\/div>\n\t\t\t\t\t<\/div>\n\t\t<\/section>\n\t\t\t\t<\/div>\n\t\t","protected":false},"excerpt":{"rendered":"<p>Merci Charlotte pour cette ann\u00e9e de d\u00e9couverte. J&rsquo;ai vraiment beaucoup appr\u00e9ci\u00e9 tes cours de chant et m\u00e9thode au cas par cas pleine d&rsquo;id\u00e9es mais aussi bien s\u00fbr ta gentillesse.\u00a0 Fran\u00e7oise Merci \u00e0 toi Charlotte pour cette ann\u00e9e et pour tout ce que tu m&rsquo;as apport\u00e9. J&rsquo;ai vu de r\u00e9els progr\u00e8s entre le d\u00e9but et la [&hellip;]<\/p>\n","protected":false},"author":1,"featured_media":0,"parent":0,"menu_order":0,"comment_status":"closed","ping_status":"closed","template":"","meta":{"om_disable_all_campaigns":false,"_monsterinsights_skip_tracking":false,"_monsterinsights_sitenote_active":false,"_monsterinsights_sitenote_note":"","_monsterinsights_sitenote_category":0,"footnotes":""},"class_list":["post-298","page","type-page","status-publish","hentry","entry"],"aioseo_notices":[],"yoast_head":"<!-- This site is optimized with the Yoast SEO plugin v27.3 - https:\/\/yoast.com\/product\/yoast-seo-wordpress\/ -->\n<title>T\u00e9moignages - M&#039;zik<\/title>\n<meta name=\"description\" content=\"Voici les t\u00e9moignages d&#039;\u00e9l\u00e8ves qui ont suivi mes cours de chant ou piano.\" \/>\n<meta name=\"robots\" content=\"index, follow, max-snippet:-1, max-image-preview:large, max-video-preview:-1\" \/>\n<link rel=\"canonical\" href=\"https:\/\/mzik-charlottemorizot.com\/?page_id=298\" \/>\n<meta property=\"og:locale\" content=\"fr_FR\" \/>\n<meta property=\"og:type\" content=\"article\" \/>\n<meta property=\"og:title\" content=\"T\u00e9moignages - M&#039;zik\" \/>\n<meta property=\"og:description\" content=\"Voici les t\u00e9moignages d&#039;\u00e9l\u00e8ves qui ont suivi mes cours de chant ou piano.\" \/>\n<meta property=\"og:url\" content=\"https:\/\/mzik-charlottemorizot.com\/?page_id=298\" \/>\n<meta property=\"og:site_name\" content=\"M&#039;zik\" \/>\n<meta property=\"article:modified_time\" content=\"2022-07-04T16:57:21+00:00\" \/>\n<meta name=\"twitter:card\" content=\"summary_large_image\" \/>\n<meta name=\"twitter:label1\" content=\"Dur\u00e9e de lecture estim\u00e9e\" \/>\n\t<meta name=\"twitter:data1\" content=\"1 minute\" \/>\n<script type=\"application\/ld+json\" class=\"yoast-schema-graph\">{\"@context\":\"https:\\\/\\\/schema.org\",\"@graph\":[{\"@type\":\"WebPage\",\"@id\":\"https:\\\/\\\/mzik-charlottemorizot.com\\\/?page_id=298\",\"url\":\"https:\\\/\\\/mzik-charlottemorizot.com\\\/?page_id=298\",\"name\":\"T\u00e9moignages - M&#039;zik\",\"isPartOf\":{\"@id\":\"https:\\\/\\\/mzik-charlottemorizot.com\\\/#website\"},\"datePublished\":\"2022-04-22T09:25:21+00:00\",\"dateModified\":\"2022-07-04T16:57:21+00:00\",\"description\":\"Voici les t\u00e9moignages d'\u00e9l\u00e8ves qui ont suivi mes cours de chant ou piano.\",\"breadcrumb\":{\"@id\":\"https:\\\/\\\/mzik-charlottemorizot.com\\\/?page_id=298#breadcrumb\"},\"inLanguage\":\"fr-FR\",\"potentialAction\":[{\"@type\":\"ReadAction\",\"target\":[\"https:\\\/\\\/mzik-charlottemorizot.com\\\/?page_id=298\"]}]},{\"@type\":\"BreadcrumbList\",\"@id\":\"https:\\\/\\\/mzik-charlottemorizot.com\\\/?page_id=298#breadcrumb\",\"itemListElement\":[{\"@type\":\"ListItem\",\"position\":1,\"name\":\"Accueil\",\"item\":\"https:\\\/\\\/mzik-charlottemorizot.com\\\/\"},{\"@type\":\"ListItem\",\"position\":2,\"name\":\"T\u00e9moignages\"}]},{\"@type\":\"WebSite\",\"@id\":\"https:\\\/\\\/mzik-charlottemorizot.com\\\/#website\",\"url\":\"https:\\\/\\\/mzik-charlottemorizot.com\\\/\",\"name\":\"M&#039;zik\",\"description\":\"Professeure de chant &amp; piano, artiste\",\"publisher\":{\"@id\":\"https:\\\/\\\/mzik-charlottemorizot.com\\\/#organization\"},\"potentialAction\":[{\"@type\":\"SearchAction\",\"target\":{\"@type\":\"EntryPoint\",\"urlTemplate\":\"https:\\\/\\\/mzik-charlottemorizot.com\\\/?s={search_term_string}\"},\"query-input\":{\"@type\":\"PropertyValueSpecification\",\"valueRequired\":true,\"valueName\":\"search_term_string\"}}],\"inLanguage\":\"fr-FR\"},{\"@type\":\"Organization\",\"@id\":\"https:\\\/\\\/mzik-charlottemorizot.com\\\/#organization\",\"name\":\"M&#039;zik\",\"url\":\"https:\\\/\\\/mzik-charlottemorizot.com\\\/\",\"logo\":{\"@type\":\"ImageObject\",\"inLanguage\":\"fr-FR\",\"@id\":\"https:\\\/\\\/mzik-charlottemorizot.com\\\/#\\\/schema\\\/logo\\\/image\\\/\",\"url\":\"https:\\\/\\\/mzik-charlottemorizot.com\\\/wp-content\\\/uploads\\\/2022\\\/03\\\/cropped-Mzik-1-1.png\",\"contentUrl\":\"https:\\\/\\\/mzik-charlottemorizot.com\\\/wp-content\\\/uploads\\\/2022\\\/03\\\/cropped-Mzik-1-1.png\",\"width\":500,\"height\":250,\"caption\":\"M&#039;zik\"},\"image\":{\"@id\":\"https:\\\/\\\/mzik-charlottemorizot.com\\\/#\\\/schema\\\/logo\\\/image\\\/\"}}]}<\/script>\n<!-- \/ Yoast SEO plugin. -->","yoast_head_json":{"title":"T\u00e9moignages - M&#039;zik","description":"Voici les t\u00e9moignages d'\u00e9l\u00e8ves qui ont suivi mes cours de chant ou piano.","robots":{"index":"index","follow":"follow","max-snippet":"max-snippet:-1","max-image-preview":"max-image-preview:large","max-video-preview":"max-video-preview:-1"},"canonical":"https:\/\/mzik-charlottemorizot.com\/?page_id=298","og_locale":"fr_FR","og_type":"article","og_title":"T\u00e9moignages - M&#039;zik","og_description":"Voici les t\u00e9moignages d'\u00e9l\u00e8ves qui ont suivi mes cours de chant ou piano.","og_url":"https:\/\/mzik-charlottemorizot.com\/?page_id=298","og_site_name":"M&#039;zik","article_modified_time":"2022-07-04T16:57:21+00:00","twitter_card":"summary_large_image","twitter_misc":{"Dur\u00e9e de lecture estim\u00e9e":"1 minute"},"schema":{"@context":"https:\/\/schema.org","@graph":[{"@type":"WebPage","@id":"https:\/\/mzik-charlottemorizot.com\/?page_id=298","url":"https:\/\/mzik-charlottemorizot.com\/?page_id=298","name":"T\u00e9moignages - M&#039;zik","isPartOf":{"@id":"https:\/\/mzik-charlottemorizot.com\/#website"},"datePublished":"2022-04-22T09:25:21+00:00","dateModified":"2022-07-04T16:57:21+00:00","description":"Voici les t\u00e9moignages d'\u00e9l\u00e8ves qui ont suivi mes cours de chant ou piano.","breadcrumb":{"@id":"https:\/\/mzik-charlottemorizot.com\/?page_id=298#breadcrumb"},"inLanguage":"fr-FR","potentialAction":[{"@type":"ReadAction","target":["https:\/\/mzik-charlottemorizot.com\/?page_id=298"]}]},{"@type":"BreadcrumbList","@id":"https:\/\/mzik-charlottemorizot.com\/?page_id=298#breadcrumb","itemListElement":[{"@type":"ListItem","position":1,"name":"Accueil","item":"https:\/\/mzik-charlottemorizot.com\/"},{"@type":"ListItem","position":2,"name":"T\u00e9moignages"}]},{"@type":"WebSite","@id":"https:\/\/mzik-charlottemorizot.com\/#website","url":"https:\/\/mzik-charlottemorizot.com\/","name":"M&#039;zik","description":"Professeure de chant &amp; piano, artiste","publisher":{"@id":"https:\/\/mzik-charlottemorizot.com\/#organization"},"potentialAction":[{"@type":"SearchAction","target":{"@type":"EntryPoint","urlTemplate":"https:\/\/mzik-charlottemorizot.com\/?s={search_term_string}"},"query-input":{"@type":"PropertyValueSpecification","valueRequired":true,"valueName":"search_term_string"}}],"inLanguage":"fr-FR"},{"@type":"Organization","@id":"https:\/\/mzik-charlottemorizot.com\/#organization","name":"M&#039;zik","url":"https:\/\/mzik-charlottemorizot.com\/","logo":{"@type":"ImageObject","inLanguage":"fr-FR","@id":"https:\/\/mzik-charlottemorizot.com\/#\/schema\/logo\/image\/","url":"https:\/\/mzik-charlottemorizot.com\/wp-content\/uploads\/2022\/03\/cropped-Mzik-1-1.png","contentUrl":"https:\/\/mzik-charlottemorizot.com\/wp-content\/uploads\/2022\/03\/cropped-Mzik-1-1.png","width":500,"height":250,"caption":"M&#039;zik"},"image":{"@id":"https:\/\/mzik-charlottemorizot.com\/#\/schema\/logo\/image\/"}}]}},"_links":{"self":[{"href":"https:\/\/mzik-charlottemorizot.com\/index.php?rest_route=\/wp\/v2\/pages\/298","targetHints":{"allow":["GET"]}}],"collection":[{"href":"https:\/\/mzik-charlottemorizot.com\/index.php?rest_route=\/wp\/v2\/pages"}],"about":[{"href":"https:\/\/mzik-charlottemorizot.com\/index.php?rest_route=\/wp\/v2\/types\/page"}],"author":[{"embeddable":true,"href":"https:\/\/mzik-charlottemorizot.com\/index.php?rest_route=\/wp\/v2\/users\/1"}],"replies":[{"embeddable":true,"href":"https:\/\/mzik-charlottemorizot.com\/index.php?rest_route=%2Fwp%2Fv2%2Fcomments&post=298"}],"version-history":[{"count":10,"href":"https:\/\/mzik-charlottemorizot.com\/index.php?rest_route=\/wp\/v2\/pages\/298\/revisions"}],"predecessor-version":[{"id":351,"href":"https:\/\/mzik-charlottemorizot.com\/index.php?rest_route=\/wp\/v2\/pages\/298\/revisions\/351"}],"wp:attachment":[{"href":"https:\/\/mzik-charlottemorizot.com\/index.php?rest_route=%2Fwp%2Fv2%2Fmedia&parent=298"}],"curies":[{"name":"wp","href":"https:\/\/api.w.org\/{rel}","templated":true}]}}