{"id":42,"date":"2022-03-27T12:42:43","date_gmt":"2022-03-27T12:42:43","guid":{"rendered":"http:\/\/mzik-charlottemorizot.com\/?page_id=42"},"modified":"2022-04-25T14:09:22","modified_gmt":"2022-04-25T14:09:22","slug":"prestations","status":"publish","type":"page","link":"https:\/\/mzik-charlottemorizot.com\/?page_id=42","title":{"rendered":"Prestations"},"content":{"rendered":"\t\t<div data-elementor-type=\"wp-page\" data-elementor-id=\"42\" class=\"elementor elementor-42\">\n\t\t\t\t\t\t<section class=\"elementor-section elementor-top-section elementor-element elementor-element-6518b74 elementor-section-boxed elementor-section-height-default elementor-section-height-default\" data-id=\"6518b74\" data-element_type=\"section\" data-e-type=\"section\">\n\t\t\t\t\t\t<div class=\"elementor-container elementor-column-gap-default\">\n\t\t\t\t\t<div class=\"elementor-column elementor-col-100 elementor-top-column elementor-element elementor-element-92b22b3\" data-id=\"92b22b3\" data-element_type=\"column\" data-e-type=\"column\">\n\t\t\t<div class=\"elementor-widget-wrap elementor-element-populated\">\n\t\t\t\t\t\t\t<\/div>\n\t\t<\/div>\n\t\t\t\t\t<\/div>\n\t\t<\/section>\n\t\t\t\t<section class=\"elementor-section elementor-top-section elementor-element elementor-element-3bb1b82 elementor-section-boxed elementor-section-height-default elementor-section-height-default\" data-id=\"3bb1b82\" data-element_type=\"section\" data-e-type=\"section\">\n\t\t\t\t\t\t<div class=\"elementor-container elementor-column-gap-default\">\n\t\t\t\t\t<div class=\"elementor-column elementor-col-100 elementor-top-column elementor-element elementor-element-306b86f\" data-id=\"306b86f\" data-element_type=\"column\" data-e-type=\"column\">\n\t\t\t<div class=\"elementor-widget-wrap elementor-element-populated\">\n\t\t\t\t\t\t<div class=\"elementor-element elementor-element-1120a23 elementor-widget elementor-widget-text-editor\" data-id=\"1120a23\" data-element_type=\"widget\" data-e-type=\"widget\" data-widget_type=\"text-editor.default\">\n\t\t\t\t<div class=\"elementor-widget-container\">\n\t\t\t\t\t\t\t\t\t<p>Je vous laisse d\u00e9couvrir mon univers \u00e0 travers les diff\u00e9rentes activit\u00e9s que je propose.&nbsp;<\/p>\n<p>Des coachings vocaux, des cours de piano aux coaching de groupe et bien s\u00fbr des concerts live pour animer vos \u00e9v\u00e8nements. J&rsquo;esp\u00e8re que vous trouverez votre bonheur !<\/p>\n<p>N&rsquo;h\u00e9sitez pas \u00e0 me contacter, on parlera ensemble de vos envies !&nbsp;<\/p>\t\t\t\t\t\t\t\t<\/div>\n\t\t\t\t<\/div>\n\t\t\t\t\t<\/div>\n\t\t<\/div>\n\t\t\t\t\t<\/div>\n\t\t<\/section>\n\t\t\t\t<\/div>\n\t\t","protected":false},"excerpt":{"rendered":"<p>Je vous laisse d\u00e9couvrir mon univers \u00e0 travers les diff\u00e9rentes activit\u00e9s que je propose.&nbsp; Des coachings vocaux, des cours de piano aux coaching de groupe et bien s\u00fbr des concerts live pour animer vos \u00e9v\u00e8nements. J&rsquo;esp\u00e8re que vous trouverez votre bonheur ! N&rsquo;h\u00e9sitez pas \u00e0 me contacter, on parlera ensemble de vos envies !&nbsp;<\/p>\n","protected":false},"author":1,"featured_media":0,"parent":0,"menu_order":0,"comment_status":"closed","ping_status":"closed","template":"","meta":{"om_disable_all_campaigns":false,"_monsterinsights_skip_tracking":false,"_monsterinsights_sitenote_active":false,"_monsterinsights_sitenote_note":"","_monsterinsights_sitenote_category":0,"footnotes":""},"class_list":["post-42","page","type-page","status-publish","hentry","entry"],"aioseo_notices":[],"yoast_head":"<!-- This site is optimized with the Yoast SEO plugin v27.3 - https:\/\/yoast.com\/product\/yoast-seo-wordpress\/ -->\n<title>Prestations - M&#039;zik<\/title>\n<meta name=\"robots\" content=\"index, follow, max-snippet:-1, max-image-preview:large, max-video-preview:-1\" \/>\n<link rel=\"canonical\" href=\"https:\/\/mzik-charlottemorizot.com\/?page_id=42\" \/>\n<meta property=\"og:locale\" content=\"fr_FR\" \/>\n<meta property=\"og:type\" content=\"article\" \/>\n<meta property=\"og:title\" content=\"Prestations - M&#039;zik\" \/>\n<meta property=\"og:description\" content=\"Je vous laisse d\u00e9couvrir mon univers \u00e0 travers les diff\u00e9rentes activit\u00e9s que je propose.&nbsp; Des coachings vocaux, des cours de piano aux coaching de groupe et bien s\u00fbr des concerts live pour animer vos \u00e9v\u00e8nements. J&rsquo;esp\u00e8re que vous trouverez votre bonheur ! N&rsquo;h\u00e9sitez pas \u00e0 me contacter, on parlera ensemble de vos envies !&nbsp;\" \/>\n<meta property=\"og:url\" content=\"https:\/\/mzik-charlottemorizot.com\/?page_id=42\" \/>\n<meta property=\"og:site_name\" content=\"M&#039;zik\" \/>\n<meta property=\"article:modified_time\" content=\"2022-04-25T14:09:22+00:00\" \/>\n<meta name=\"twitter:card\" content=\"summary_large_image\" \/>\n<meta name=\"twitter:label1\" content=\"Dur\u00e9e de lecture estim\u00e9e\" \/>\n\t<meta name=\"twitter:data1\" content=\"1 minute\" \/>\n<script type=\"application\/ld+json\" class=\"yoast-schema-graph\">{\"@context\":\"https:\\\/\\\/schema.org\",\"@graph\":[{\"@type\":\"WebPage\",\"@id\":\"https:\\\/\\\/mzik-charlottemorizot.com\\\/?page_id=42\",\"url\":\"https:\\\/\\\/mzik-charlottemorizot.com\\\/?page_id=42\",\"name\":\"Prestations - M&#039;zik\",\"isPartOf\":{\"@id\":\"https:\\\/\\\/mzik-charlottemorizot.com\\\/#website\"},\"datePublished\":\"2022-03-27T12:42:43+00:00\",\"dateModified\":\"2022-04-25T14:09:22+00:00\",\"breadcrumb\":{\"@id\":\"https:\\\/\\\/mzik-charlottemorizot.com\\\/?page_id=42#breadcrumb\"},\"inLanguage\":\"fr-FR\",\"potentialAction\":[{\"@type\":\"ReadAction\",\"target\":[\"https:\\\/\\\/mzik-charlottemorizot.com\\\/?page_id=42\"]}]},{\"@type\":\"BreadcrumbList\",\"@id\":\"https:\\\/\\\/mzik-charlottemorizot.com\\\/?page_id=42#breadcrumb\",\"itemListElement\":[{\"@type\":\"ListItem\",\"position\":1,\"name\":\"Accueil\",\"item\":\"https:\\\/\\\/mzik-charlottemorizot.com\\\/\"},{\"@type\":\"ListItem\",\"position\":2,\"name\":\"Prestations\"}]},{\"@type\":\"WebSite\",\"@id\":\"https:\\\/\\\/mzik-charlottemorizot.com\\\/#website\",\"url\":\"https:\\\/\\\/mzik-charlottemorizot.com\\\/\",\"name\":\"M&#039;zik\",\"description\":\"Professeure de chant &amp; piano, artiste\",\"publisher\":{\"@id\":\"https:\\\/\\\/mzik-charlottemorizot.com\\\/#organization\"},\"potentialAction\":[{\"@type\":\"SearchAction\",\"target\":{\"@type\":\"EntryPoint\",\"urlTemplate\":\"https:\\\/\\\/mzik-charlottemorizot.com\\\/?s={search_term_string}\"},\"query-input\":{\"@type\":\"PropertyValueSpecification\",\"valueRequired\":true,\"valueName\":\"search_term_string\"}}],\"inLanguage\":\"fr-FR\"},{\"@type\":\"Organization\",\"@id\":\"https:\\\/\\\/mzik-charlottemorizot.com\\\/#organization\",\"name\":\"M&#039;zik\",\"url\":\"https:\\\/\\\/mzik-charlottemorizot.com\\\/\",\"logo\":{\"@type\":\"ImageObject\",\"inLanguage\":\"fr-FR\",\"@id\":\"https:\\\/\\\/mzik-charlottemorizot.com\\\/#\\\/schema\\\/logo\\\/image\\\/\",\"url\":\"https:\\\/\\\/mzik-charlottemorizot.com\\\/wp-content\\\/uploads\\\/2022\\\/03\\\/cropped-Mzik-1-1.png\",\"contentUrl\":\"https:\\\/\\\/mzik-charlottemorizot.com\\\/wp-content\\\/uploads\\\/2022\\\/03\\\/cropped-Mzik-1-1.png\",\"width\":500,\"height\":250,\"caption\":\"M&#039;zik\"},\"image\":{\"@id\":\"https:\\\/\\\/mzik-charlottemorizot.com\\\/#\\\/schema\\\/logo\\\/image\\\/\"}}]}<\/script>\n<!-- \/ Yoast SEO plugin. -->","yoast_head_json":{"title":"Prestations - M&#039;zik","robots":{"index":"index","follow":"follow","max-snippet":"max-snippet:-1","max-image-preview":"max-image-preview:large","max-video-preview":"max-video-preview:-1"},"canonical":"https:\/\/mzik-charlottemorizot.com\/?page_id=42","og_locale":"fr_FR","og_type":"article","og_title":"Prestations - M&#039;zik","og_description":"Je vous laisse d\u00e9couvrir mon univers \u00e0 travers les diff\u00e9rentes activit\u00e9s que je propose.&nbsp; Des coachings vocaux, des cours de piano aux coaching de groupe et bien s\u00fbr des concerts live pour animer vos \u00e9v\u00e8nements. J&rsquo;esp\u00e8re que vous trouverez votre bonheur ! N&rsquo;h\u00e9sitez pas \u00e0 me contacter, on parlera ensemble de vos envies !&nbsp;","og_url":"https:\/\/mzik-charlottemorizot.com\/?page_id=42","og_site_name":"M&#039;zik","article_modified_time":"2022-04-25T14:09:22+00:00","twitter_card":"summary_large_image","twitter_misc":{"Dur\u00e9e de lecture estim\u00e9e":"1 minute"},"schema":{"@context":"https:\/\/schema.org","@graph":[{"@type":"WebPage","@id":"https:\/\/mzik-charlottemorizot.com\/?page_id=42","url":"https:\/\/mzik-charlottemorizot.com\/?page_id=42","name":"Prestations - M&#039;zik","isPartOf":{"@id":"https:\/\/mzik-charlottemorizot.com\/#website"},"datePublished":"2022-03-27T12:42:43+00:00","dateModified":"2022-04-25T14:09:22+00:00","breadcrumb":{"@id":"https:\/\/mzik-charlottemorizot.com\/?page_id=42#breadcrumb"},"inLanguage":"fr-FR","potentialAction":[{"@type":"ReadAction","target":["https:\/\/mzik-charlottemorizot.com\/?page_id=42"]}]},{"@type":"BreadcrumbList","@id":"https:\/\/mzik-charlottemorizot.com\/?page_id=42#breadcrumb","itemListElement":[{"@type":"ListItem","position":1,"name":"Accueil","item":"https:\/\/mzik-charlottemorizot.com\/"},{"@type":"ListItem","position":2,"name":"Prestations"}]},{"@type":"WebSite","@id":"https:\/\/mzik-charlottemorizot.com\/#website","url":"https:\/\/mzik-charlottemorizot.com\/","name":"M&#039;zik","description":"Professeure de chant &amp; piano, artiste","publisher":{"@id":"https:\/\/mzik-charlottemorizot.com\/#organization"},"potentialAction":[{"@type":"SearchAction","target":{"@type":"EntryPoint","urlTemplate":"https:\/\/mzik-charlottemorizot.com\/?s={search_term_string}"},"query-input":{"@type":"PropertyValueSpecification","valueRequired":true,"valueName":"search_term_string"}}],"inLanguage":"fr-FR"},{"@type":"Organization","@id":"https:\/\/mzik-charlottemorizot.com\/#organization","name":"M&#039;zik","url":"https:\/\/mzik-charlottemorizot.com\/","logo":{"@type":"ImageObject","inLanguage":"fr-FR","@id":"https:\/\/mzik-charlottemorizot.com\/#\/schema\/logo\/image\/","url":"https:\/\/mzik-charlottemorizot.com\/wp-content\/uploads\/2022\/03\/cropped-Mzik-1-1.png","contentUrl":"https:\/\/mzik-charlottemorizot.com\/wp-content\/uploads\/2022\/03\/cropped-Mzik-1-1.png","width":500,"height":250,"caption":"M&#039;zik"},"image":{"@id":"https:\/\/mzik-charlottemorizot.com\/#\/schema\/logo\/image\/"}}]}},"_links":{"self":[{"href":"https:\/\/mzik-charlottemorizot.com\/index.php?rest_route=\/wp\/v2\/pages\/42","targetHints":{"allow":["GET"]}}],"collection":[{"href":"https:\/\/mzik-charlottemorizot.com\/index.php?rest_route=\/wp\/v2\/pages"}],"about":[{"href":"https:\/\/mzik-charlottemorizot.com\/index.php?rest_route=\/wp\/v2\/types\/page"}],"author":[{"embeddable":true,"href":"https:\/\/mzik-charlottemorizot.com\/index.php?rest_route=\/wp\/v2\/users\/1"}],"replies":[{"embeddable":true,"href":"https:\/\/mzik-charlottemorizot.com\/index.php?rest_route=%2Fwp%2Fv2%2Fcomments&post=42"}],"version-history":[{"count":16,"href":"https:\/\/mzik-charlottemorizot.com\/index.php?rest_route=\/wp\/v2\/pages\/42\/revisions"}],"predecessor-version":[{"id":319,"href":"https:\/\/mzik-charlottemorizot.com\/index.php?rest_route=\/wp\/v2\/pages\/42\/revisions\/319"}],"wp:attachment":[{"href":"https:\/\/mzik-charlottemorizot.com\/index.php?rest_route=%2Fwp%2Fv2%2Fmedia&parent=42"}],"curies":[{"name":"wp","href":"https:\/\/api.w.org\/{rel}","templated":true}]}}